{"id":5954,"date":"2020-04-06T19:00:36","date_gmt":"2020-04-06T19:00:36","guid":{"rendered":"https:\/\/popermint.com\/?page_id=5954"},"modified":"2025-09-11T12:18:28","modified_gmt":"2025-09-11T10:18:28","slug":"pogosta-vprasanja","status":"publish","type":"page","link":"https:\/\/popermint.com\/sl\/pogosta-vprasanja\/","title":{"rendered":"Pogosta vpra\u0161anja"},"content":{"rendered":"<div class=\"wpb-content-wrapper\">[vc_row el_class=&#8221;align-center&#8221;][vc_column width=&#8221;2\/3&#8243; css=&#8221;.vc_custom_1586205018124{padding-top: 7vh !important;padding-right: 2vh !important;padding-left: 2vh !important;}&#8221;][vc_custom_heading text=&#8221;Pogosta vpra\u0161anja&#8221; font_container=&#8221;tag:h1|text_align:left&#8221; google_fonts=&#8221;font_family:Playfair%20Display%3Aregular%2Citalic%2C700%2C700italic%2C900%2C900italic|font_style:700%20bold%20regular%3A700%3Anormal&#8221; css=&#8221;.vc_custom_1586205034895{padding-bottom: 50px !important;}&#8221;][vc_column_text]\n<h5><strong>Kako hitro prejmem naro\u010deno blago?<\/strong><\/h5>\n<h6>Naro\u010dila odpremljamo vsak delovni dan, kar pomeni, da v kolikor oddate naro\u010dilo do 10. ure dopoldan, ga boste po vsej verjetnosti prejeli \u017ee naslednji dan. Kadar imamo pove\u010dano koli\u010dino naro\u010dil,\u00a0 se lahko zgodi, da je potrebno po\u010dakati tudi kak\u0161en dan ve\u010d, vendar pa se obvezujemo, da dostava ne traja nikoli ve\u010d kot 3 delovne dneve.<\/h6>\n<h5><strong>Ali je mo\u017eno pla\u010dilo \u0161ele ob prevzemu paketa?<\/strong><\/h5>\n<h6>Seveda, tudi to je ena od mo\u017enosti, vendar pa je v tem primeru stro\u0161ek dostave pove\u010dan za stro\u0161ek storitve pla\u010dila po povzetju.<\/h6>\n<h5><strong>Ali sprejemate kreditne kartice?<\/strong><\/h5>\n<h6>Pla\u010dilo lahko opravite z naslednjimi kreditnimi karticami: Mastercard, Maestro, Visa, Dinners in American Express<\/h6>\n<h5><strong>Kak\u0161en je postopek, \u010de se odlo\u010dim za ban\u010dno nakazilo?<\/strong><\/h5>\n<h6>Postopek je enostaven, ob naro\u010dilu boste po elektronski po\u0161ti prejeli vse potrebne informacije. Naro\u010dilo bo pre\u0161lo v postopek priprave, takoj, ko je priliv viden na na\u0161em ra\u010dunu.<\/h6>\n<h5><strong>Kak\u0161ni so stro\u0161ki dostave?<\/strong><\/h5>\n<h6>Aktualne stro\u0161ke dostave lahko preverite v zavihku &#8220;Dostava in stro\u0161ek dostave&#8221; pod vsakim izdelkom.<\/h6>\n<h5><strong>Ali lahko kupljene izdelke osebno prevzamem?<\/strong><\/h5>\n<h6>Seveda, izdelke lahko osebno prevzamete v na\u0161i trgovini na naslovu Levstikov trg 4a v Ljubljani. Dobrodo\u0161li vsak delovnik med 10. in 19. uro, sobota med 10. in 17. uro.<\/h6>\n<h5><strong>Paket ni prispel, kaj naj naredim?<\/strong><\/h5>\n<h6>V kolikor tudi po treh delovnih dneh niste prejeli paketa, se obrnite na enega od na\u0161ih kontaktov: M: 068 644 624, M: 041 369 758, M: 041 264 037, <a href=\"mailto:hello@popermint.com\">hello@popermint.com<\/a> ali preko pogovora v \u017eivo.<\/h6>\n<h5><strong>Se je potrebno za oddajo naro\u010dila registrirati?<\/strong><\/h5>\n<h6>Ne, registracija ni potrebna, v kolikor pa bi v prihodnosti \u0161e kdaj opravili nakup, vam uporabni\u0161ki ra\u010dun olaj\u0161a in pohitri vsak naslednji nakup.<\/h6>\n<h5><strong>Imam\u00a0 kodo za popust, kako jo unov\u010dim?<\/strong><\/h5>\n<h6>Veljavno kodo lahko vpi\u0161ete v postopku ko\u0161arice ali na blagajni na vrhu strani.<\/h6>\n<h5><strong>Ali lahko izdelek, ki mi ne ustreza vrnem?<\/strong><\/h5>\n<h6>Seveda, izdelke ki vam ne ustrezajo lahko vrnete in zamenjate za druge ali pa zahtevate povra\u010dilo zneska vrnjenih izdelkov. Izdelki ne smejo biti uporabljeni ali po\u0161kodovani, vrniti pa jih morate z originalno embala\u017eo. Za ve\u010d informacij nas kontaktirajte.<\/h6>\n<h5><strong>Kako vem, da je spletna trgovina zaupanja vredna in da bo paket zares prispel?<\/strong><\/h5>\n<h6>Popermint.com, je spletna trgovina, ki jo upravlja slovenska dru\u017eba Digitz d.o.o. Verodostojnost spletne trgovine lahko ugotavljate na ve\u010d na\u010dinov. Preverite ali je enostavno priti do kontaktnih informacij in ali se na te kontakte tudi kdo javi. Je objavljen samo elektronski naslov ali tudi telefonske \u0161tevilke? Preverite kak\u0161na pla\u010dilna sredstva sprejemajo. Paypal vam nudi varnost za primer nedostavljenega paketa ali neupo\u0161tevanja pravic kupca. Enostavno podate prijavo in Paypal bo sredstva zadr\u017eal ter vam jih v primeru, da je ugotovljena namera po prevari ali neupo\u0161tevanju kup\u010devih pravic,\u00a0 tudi povrnil. \u010ce vseeno niste prepri\u010dani, pa navsezadnje lahko naro\u010dite tudi na na\u010din s pla\u010dilom ob prevzemu. Zadovoljstvo strank pa lahko preverite tudi na strani <a href=\"https:\/\/www.trustpilot.com\/review\/popermint.com\" target=\"_blank\" rel=\"noopener\">Trustpilot<\/a>.<\/h6>\n<h5><strong>Ali je nakupovanje na strani popermint.com 100% varno iz vidika varovanja podatkov?<\/strong><\/h5>\n<h6 id=\"splo\u0161ni-pogoji-spletne-trgovi\">O tem se lahko prepri\u010date kar sami, in sicer na ve\u010d na\u010dinov. Najprej preverite na vrhu brskalnika, \u010de je poleg naslova domene prikazana ikona klju\u010davnice. V kolikor vidite klju\u010davnico, pomeni, da ima stran name\u0161\u010den varnostni SSL certifikat, ki skrbi za \u0161ifriranje podatkov. Vsi va\u0161i osebni podatki, kot tudi podatki kreditnih kartic, ki jih vnesete na tej strani, se ob prenosu \u0161ifrirajo in so v primeru nepoobla\u0161\u010denega dostopa neberljivi.<\/h6>\n<h5><strong>Ali je va\u0161e izdelke mo\u017eno kje videti in tudi kupiti v \u017eivo?<\/strong><\/h5>\n<h6>Seveda, vljudno vabljeni v na\u0161o trgovino, ki se nahaja na naslovu Levstikov trg 4a v Ljubljani. <a href=\"https:\/\/popermint.com\/sl\/prodajna-mesta\/\">Delovni \u010das trgovine.<\/a><\/h6>\n[\/vc_column_text][vc_row_inner][vc_column_inner][vc_single_image image=&#8221;1598&#8243; img_size=&#8221;600&#8243; css=&#8221;.vc_custom_1586205149653{padding-top: 50px !important;}&#8221;][vc_column_text css=&#8221;.vc_custom_1757585894969{padding-top: 50px !important;}&#8221;]\n<h6 id=\"za-vsa-dodatna-vpra\u0161anja-smo-\">Za vsa dodatna vpra\u0161anja smo vam na voljo na spodnjih kontaktih ali preko pogovora v \u017eivo (Live Chat)<\/h6>\n<h6 id=\"\u017delimo-vam-obilo-prijetnih-na\">\u017delimo vam obilo prijetnih nakupov!<br \/>\nEkipa Popermint<\/h6>\n<h6 id=\"eksit-adv-doo-barjanska-cesta-\">Digitz d.o.o., Levstikov trg 4a, Ljubljana<br \/>\nM: 068 644 624, M: 041 369 758, M: 041 264 037<br \/>\n<a href=\"mailto:hello@popermint.com\">hello@popermint.com<\/a><\/h6>\n[\/vc_column_text][\/vc_column_inner][\/vc_row_inner][\/vc_column][vc_column][\/vc_column][\/vc_row]\n<\/div>","protected":false},"excerpt":{"rendered":"<p>[vc_row el_class=&#8221;align-center&#8221;][vc_column width=&#8221;2\/3&#8243; css=&#8221;.vc_custom_1586205018124{padding-top: 7vh !important;padding-right: 2vh !important;padding-left: 2vh !important;}&#8221;][vc_custom_heading text=&#8221;Pogosta vpra\u0161anja&#8221; font_container=&#8221;tag:h1|text_align:left&#8221; google_fonts=&#8221;font_family:Playfair%20Display%3Aregular%2Citalic%2C700%2C700italic%2C900%2C900italic|font_style:700%20bold%20regular%3A700%3Anormal&#8221; css=&#8221;.vc_custom_1586205034895{padding-bottom: 50px !important;}&#8221;][vc_column_text] Kako hitro prejmem naro\u010deno blago? Naro\u010dila odpremljamo vsak&hellip;<\/p>\n","protected":false},"author":44,"featured_media":0,"parent":0,"menu_order":0,"comment_status":"closed","ping_status":"closed","template":"","meta":{"footnotes":""},"class_list":["post-5954","page","type-page","status-publish","hentry"],"_links":{"self":[{"href":"https:\/\/popermint.com\/sl\/wp-json\/wp\/v2\/pages\/5954","targetHints":{"allow":["GET"]}}],"collection":[{"href":"https:\/\/popermint.com\/sl\/wp-json\/wp\/v2\/pages"}],"about":[{"href":"https:\/\/popermint.com\/sl\/wp-json\/wp\/v2\/types\/page"}],"author":[{"embeddable":true,"href":"https:\/\/popermint.com\/sl\/wp-json\/wp\/v2\/users\/44"}],"replies":[{"embeddable":true,"href":"https:\/\/popermint.com\/sl\/wp-json\/wp\/v2\/comments?post=5954"}],"version-history":[{"count":0,"href":"https:\/\/popermint.com\/sl\/wp-json\/wp\/v2\/pages\/5954\/revisions"}],"wp:attachment":[{"href":"https:\/\/popermint.com\/sl\/wp-json\/wp\/v2\/media?parent=5954"}],"curies":[{"name":"wp","href":"https:\/\/api.w.org\/{rel}","templated":true}]}}