{"id":104521,"date":"2024-02-14T13:38:52","date_gmt":"2024-02-14T12:38:52","guid":{"rendered":"https:\/\/popermint.com\/?post_type=product&#038;p=104521"},"modified":"2024-02-14T13:45:28","modified_gmt":"2024-02-14T12:45:28","slug":"sagmeister-walsh-beauty-pattern-bag","status":"publish","type":"product","link":"https:\/\/popermint.com\/sl\/sagmeister-walsh-beauty-pattern-bag\/","title":{"rendered":"Sagmeister &#038; Walsh, Beauty Pattern Bag"},"content":{"rendered":"","protected":false},"excerpt":{"rendered":"<p>Umetnost v gibanju! Izrazite svojo individualnost z vrhunskimi umetni\u0161kimi vzorci, ki zdru\u017eujejo slog, udobje in ekspresivnost. Izstopajte iz mno\u017eice s torbami, ki nosijo podpise umetnikov, kot so Frida Kahlo, Salvador Dali in Joan Miro, ter sporo\u010dila Guerrilla Girls. So ve\u010d kot modni dodatek, so va\u0161a umetni\u0161ka izjava. Izrazite svoj umetni\u0161ki duh z vsakodnevno trajnostno torbo, ki nosi podpis velikih umetnikov.<\/p>\n","protected":false},"featured_media":104538,"template":"","meta":[],"product_brand":[],"product_cat":[807],"product_tag":[],"class_list":{"0":"post-104521","1":"product","2":"type-product","3":"status-publish","4":"has-post-thumbnail","6":"product_cat-loqi-torbe","8":"first","9":"instock","10":"taxable","11":"shipping-taxable","12":"purchasable","13":"product-type-simple"},"_links":{"self":[{"href":"https:\/\/popermint.com\/sl\/wp-json\/wp\/v2\/product\/104521","targetHints":{"allow":["GET"]}}],"collection":[{"href":"https:\/\/popermint.com\/sl\/wp-json\/wp\/v2\/product"}],"about":[{"href":"https:\/\/popermint.com\/sl\/wp-json\/wp\/v2\/types\/product"}],"wp:featuredmedia":[{"embeddable":true,"href":"https:\/\/popermint.com\/sl\/wp-json\/wp\/v2\/media\/104538"}],"wp:attachment":[{"href":"https:\/\/popermint.com\/sl\/wp-json\/wp\/v2\/media?parent=104521"}],"wp:term":[{"taxonomy":"product_brand","embeddable":true,"href":"https:\/\/popermint.com\/sl\/wp-json\/wp\/v2\/product_brand?post=104521"},{"taxonomy":"product_cat","embeddable":true,"href":"https:\/\/popermint.com\/sl\/wp-json\/wp\/v2\/product_cat?post=104521"},{"taxonomy":"product_tag","embeddable":true,"href":"https:\/\/popermint.com\/sl\/wp-json\/wp\/v2\/product_tag?post=104521"}],"curies":[{"name":"wp","href":"https:\/\/api.w.org\/{rel}","templated":true}]}}