{"id":106277,"date":"2024-02-23T06:12:43","date_gmt":"2024-02-23T05:12:43","guid":{"rendered":"https:\/\/popermint.com\/?post_type=product&#038;p=106277"},"modified":"2025-10-13T12:29:33","modified_gmt":"2025-10-13T10:29:33","slug":"save-the-queen","status":"publish","type":"product","link":"https:\/\/popermint.com\/sl\/save-the-queen\/","title":{"rendered":"Save The Queen"},"content":{"rendered":"","protected":false},"excerpt":{"rendered":"<p>Bee kolekcija nogavic Wigglesteps zdru\u017euje udoben dizajn z \u017eivahnimi vzorci, navdihnjenimi z naravnim svetom \u010debel. Izdelane iz visokokakovostnih materialov, zagotavljajo mehkobo in zra\u010dnost za popolno udobje ves dan. <\/p>\n","protected":false},"featured_media":104670,"template":"","meta":[],"product_brand":[],"product_cat":[330,335,834],"product_tag":[],"class_list":{"0":"post-106277","1":"product","2":"type-product","3":"status-publish","4":"has-post-thumbnail","6":"product_cat-nogavice-wigglesteps","7":"product_cat-zenske-nogavice-wigglesteps","8":"product_cat-bee-kolekcija","10":"first","11":"instock","12":"taxable","13":"shipping-taxable","14":"purchasable","15":"product-type-variable"},"_links":{"self":[{"href":"https:\/\/popermint.com\/sl\/wp-json\/wp\/v2\/product\/106277","targetHints":{"allow":["GET"]}}],"collection":[{"href":"https:\/\/popermint.com\/sl\/wp-json\/wp\/v2\/product"}],"about":[{"href":"https:\/\/popermint.com\/sl\/wp-json\/wp\/v2\/types\/product"}],"wp:featuredmedia":[{"embeddable":true,"href":"https:\/\/popermint.com\/sl\/wp-json\/wp\/v2\/media\/104670"}],"wp:attachment":[{"href":"https:\/\/popermint.com\/sl\/wp-json\/wp\/v2\/media?parent=106277"}],"wp:term":[{"taxonomy":"product_brand","embeddable":true,"href":"https:\/\/popermint.com\/sl\/wp-json\/wp\/v2\/product_brand?post=106277"},{"taxonomy":"product_cat","embeddable":true,"href":"https:\/\/popermint.com\/sl\/wp-json\/wp\/v2\/product_cat?post=106277"},{"taxonomy":"product_tag","embeddable":true,"href":"https:\/\/popermint.com\/sl\/wp-json\/wp\/v2\/product_tag?post=106277"}],"curies":[{"name":"wp","href":"https:\/\/api.w.org\/{rel}","templated":true}]}}