{"id":107912,"date":"2024-03-07T14:52:01","date_gmt":"2024-03-07T13:52:01","guid":{"rendered":"https:\/\/popermint.com\/?post_type=product&#038;p=107912"},"modified":"2024-05-23T14:28:30","modified_gmt":"2024-05-23T12:28:30","slug":"marc-chagall-the-blue-circus","status":"publish","type":"product","link":"https:\/\/popermint.com\/sl\/marc-chagall-the-blue-circus\/","title":{"rendered":"Marc Chagall, The Blue Circus"},"content":{"rendered":"","protected":false},"excerpt":{"rendered":"<p>Umetnost v gibanju! Izrazite svojo individualnost z vrhunskimi umetni\u0161kimi vzorci, ki zdru\u017eujejo slog, udobje in ekspresivnost. Izstopajte iz mno\u017eice s torbami, ki nosijo podpise umetnikov, kot so Frida Kahlo, Salvador Dali in Joan Miro, ter sporo\u010dila Guerrilla Girls. So ve\u010d kot modni dodatek, so va\u0161a umetni\u0161ka izjava. Izrazite svoj umetni\u0161ki duh z vsakodnevno trajnostno torbo, ki nosi podpis velikih umetnikov.<\/p>\n","protected":false},"featured_media":107894,"template":"","meta":[],"product_brand":[],"product_cat":[807],"product_tag":[],"class_list":{"0":"post-107912","1":"product","2":"type-product","3":"status-publish","4":"has-post-thumbnail","6":"product_cat-loqi-torbe","8":"first","9":"instock","10":"taxable","11":"shipping-taxable","12":"purchasable","13":"product-type-simple"},"_links":{"self":[{"href":"https:\/\/popermint.com\/sl\/wp-json\/wp\/v2\/product\/107912","targetHints":{"allow":["GET"]}}],"collection":[{"href":"https:\/\/popermint.com\/sl\/wp-json\/wp\/v2\/product"}],"about":[{"href":"https:\/\/popermint.com\/sl\/wp-json\/wp\/v2\/types\/product"}],"wp:featuredmedia":[{"embeddable":true,"href":"https:\/\/popermint.com\/sl\/wp-json\/wp\/v2\/media\/107894"}],"wp:attachment":[{"href":"https:\/\/popermint.com\/sl\/wp-json\/wp\/v2\/media?parent=107912"}],"wp:term":[{"taxonomy":"product_brand","embeddable":true,"href":"https:\/\/popermint.com\/sl\/wp-json\/wp\/v2\/product_brand?post=107912"},{"taxonomy":"product_cat","embeddable":true,"href":"https:\/\/popermint.com\/sl\/wp-json\/wp\/v2\/product_cat?post=107912"},{"taxonomy":"product_tag","embeddable":true,"href":"https:\/\/popermint.com\/sl\/wp-json\/wp\/v2\/product_tag?post=107912"}],"curies":[{"name":"wp","href":"https:\/\/api.w.org\/{rel}","templated":true}]}}