{"id":110123,"date":"2024-04-15T18:10:14","date_gmt":"2024-04-15T16:10:14","guid":{"rendered":"https:\/\/popermint.com\/?post_type=product&#038;p=110123"},"modified":"2025-06-05T14:28:29","modified_gmt":"2025-06-05T12:28:29","slug":"sencnik-vesder-black","status":"publish","type":"product","link":"https:\/\/popermint.com\/sl\/sencnik-vesder-black\/","title":{"rendered":"Sen\u010dnik Vesder Black"},"content":{"rendered":"","protected":false},"excerpt":{"rendered":"<p>Sen\u010dnik Vesder blagovne znamke Barts je vrhunski dodatek za son\u010dne dni na pla\u017ei ali ob bazenu. Z elegantnim dizajnom in trpe\u017eno konstrukcijo zagotavlja zanesljivo za\u0161\u010dito pred soncem ter dopolnjuje va\u0161 stil. S \u0161irokim premerom in prakti\u010dno zlo\u017eljivo obliko je priro\u010den za prena\u0161anje in uporabo kjerkoli ste.<\/p>\n","protected":false},"featured_media":110054,"template":"","meta":[],"product_brand":[],"product_cat":[845,935],"product_tag":[],"class_list":{"0":"post-110123","1":"product","2":"type-product","3":"status-publish","4":"has-post-thumbnail","6":"product_cat-barts-poletje","7":"product_cat-pokrivala-barts-poletje","9":"first","10":"instock","11":"taxable","12":"shipping-taxable","13":"purchasable","14":"product-type-simple"},"_links":{"self":[{"href":"https:\/\/popermint.com\/sl\/wp-json\/wp\/v2\/product\/110123","targetHints":{"allow":["GET"]}}],"collection":[{"href":"https:\/\/popermint.com\/sl\/wp-json\/wp\/v2\/product"}],"about":[{"href":"https:\/\/popermint.com\/sl\/wp-json\/wp\/v2\/types\/product"}],"wp:featuredmedia":[{"embeddable":true,"href":"https:\/\/popermint.com\/sl\/wp-json\/wp\/v2\/media\/110054"}],"wp:attachment":[{"href":"https:\/\/popermint.com\/sl\/wp-json\/wp\/v2\/media?parent=110123"}],"wp:term":[{"taxonomy":"product_brand","embeddable":true,"href":"https:\/\/popermint.com\/sl\/wp-json\/wp\/v2\/product_brand?post=110123"},{"taxonomy":"product_cat","embeddable":true,"href":"https:\/\/popermint.com\/sl\/wp-json\/wp\/v2\/product_cat?post=110123"},{"taxonomy":"product_tag","embeddable":true,"href":"https:\/\/popermint.com\/sl\/wp-json\/wp\/v2\/product_tag?post=110123"}],"curies":[{"name":"wp","href":"https:\/\/api.w.org\/{rel}","templated":true}]}}