{"id":110436,"date":"2024-04-17T12:00:59","date_gmt":"2024-04-17T10:00:59","guid":{"rendered":"https:\/\/popermint.com\/beach-terracotta-tropics\/"},"modified":"2025-04-25T09:24:40","modified_gmt":"2025-04-25T07:24:40","slug":"beach-terracotta-tropics","status":"publish","type":"product","link":"https:\/\/popermint.com\/sl\/beach-terracotta-tropics\/","title":{"rendered":"Beach Terracotta Tropics"},"content":{"rendered":"","protected":false},"excerpt":{"rendered":"<p>Vstopite v svet nepozabnih poletnih dni z magi\u010dnimi brisa\u010dami Dock&amp;Bay. Te hitro su\u0161e\u010de, lahke in kompaktne brisa\u010de, narejene iz 100% recikliranih plastenk, vam omogo\u010dajo brezskrbno u\u017eivanje na pla\u017ei brez neprijetnih vonjav. S svojo izjemno odpornostjo na pesek ter visoko vpojnostjo vam prina\u0161ajo popolno udobje in sve\u017eino. Poleg tega vam prilo\u017eena torbica omogo\u010da enostavno prena\u0161anje in shranjevanje. <br \/><strong>Dimenzija: 160x90cm<\/strong><\/p>\n","protected":false},"featured_media":110354,"template":"","meta":[],"product_brand":[],"product_cat":[795],"product_tag":[],"class_list":{"0":"post-110436","1":"product","2":"type-product","3":"status-publish","4":"has-post-thumbnail","6":"product_cat-dock-bay-brisace","8":"first","9":"instock","10":"taxable","11":"shipping-taxable","12":"purchasable","13":"product-type-simple"},"_links":{"self":[{"href":"https:\/\/popermint.com\/sl\/wp-json\/wp\/v2\/product\/110436","targetHints":{"allow":["GET"]}}],"collection":[{"href":"https:\/\/popermint.com\/sl\/wp-json\/wp\/v2\/product"}],"about":[{"href":"https:\/\/popermint.com\/sl\/wp-json\/wp\/v2\/types\/product"}],"wp:featuredmedia":[{"embeddable":true,"href":"https:\/\/popermint.com\/sl\/wp-json\/wp\/v2\/media\/110354"}],"wp:attachment":[{"href":"https:\/\/popermint.com\/sl\/wp-json\/wp\/v2\/media?parent=110436"}],"wp:term":[{"taxonomy":"product_brand","embeddable":true,"href":"https:\/\/popermint.com\/sl\/wp-json\/wp\/v2\/product_brand?post=110436"},{"taxonomy":"product_cat","embeddable":true,"href":"https:\/\/popermint.com\/sl\/wp-json\/wp\/v2\/product_cat?post=110436"},{"taxonomy":"product_tag","embeddable":true,"href":"https:\/\/popermint.com\/sl\/wp-json\/wp\/v2\/product_tag?post=110436"}],"curies":[{"name":"wp","href":"https:\/\/api.w.org\/{rel}","templated":true}]}}