{"id":116188,"date":"2024-05-27T17:42:51","date_gmt":"2024-05-27T17:30:13","guid":{"rendered":"https:\/\/popermint.com\/ruby-264\/"},"modified":"2025-03-20T06:45:26","modified_gmt":"2025-03-20T05:45:26","slug":"ruby-264","status":"publish","type":"product","link":"https:\/\/popermint.com\/sl\/ruby-264\/","title":{"rendered":"Ruby 264"},"content":{"rendered":"","protected":false},"excerpt":{"rendered":"<p>Satenaste vezalke bodo tvoji obutvi dodale kan\u010dek \u017eivahnosti, barvitosti in elegance. Svetlikajo\u010di se barvni odtenki bodo tvoje najljub\u0161e supergice preobrazili v edinstven modni kos, ki te bo po zadnjih trendih lahko spremljal tudi ob formalnej\u0161ih prilo\u017enostih.<\/p>\n","protected":false},"featured_media":3246,"template":"","meta":[],"product_brand":[],"product_cat":[319],"product_tag":[],"class_list":{"0":"post-116188","1":"product","2":"type-product","3":"status-publish","4":"has-post-thumbnail","6":"product_cat-laceup-16-mm","8":"first","9":"instock","10":"taxable","11":"shipping-taxable","12":"purchasable","13":"product-type-variable"},"_links":{"self":[{"href":"https:\/\/popermint.com\/sl\/wp-json\/wp\/v2\/product\/116188","targetHints":{"allow":["GET"]}}],"collection":[{"href":"https:\/\/popermint.com\/sl\/wp-json\/wp\/v2\/product"}],"about":[{"href":"https:\/\/popermint.com\/sl\/wp-json\/wp\/v2\/types\/product"}],"wp:featuredmedia":[{"embeddable":true,"href":"https:\/\/popermint.com\/sl\/wp-json\/wp\/v2\/media\/3246"}],"wp:attachment":[{"href":"https:\/\/popermint.com\/sl\/wp-json\/wp\/v2\/media?parent=116188"}],"wp:term":[{"taxonomy":"product_brand","embeddable":true,"href":"https:\/\/popermint.com\/sl\/wp-json\/wp\/v2\/product_brand?post=116188"},{"taxonomy":"product_cat","embeddable":true,"href":"https:\/\/popermint.com\/sl\/wp-json\/wp\/v2\/product_cat?post=116188"},{"taxonomy":"product_tag","embeddable":true,"href":"https:\/\/popermint.com\/sl\/wp-json\/wp\/v2\/product_tag?post=116188"}],"curies":[{"name":"wp","href":"https:\/\/api.w.org\/{rel}","templated":true}]}}