{"id":116273,"date":"2024-05-27T17:36:36","date_gmt":"2024-05-27T17:44:46","guid":{"rendered":"https:\/\/popermint.com\/mint-530\/"},"modified":"2024-07-17T09:35:57","modified_gmt":"2024-07-17T07:35:57","slug":"mint-530","status":"publish","type":"product","link":"https:\/\/popermint.com\/sl\/mint-530\/","title":{"rendered":"Mint 530"},"content":{"rendered":"","protected":false},"excerpt":{"rendered":"<p>Satenaste vezalke bodo tvoji obutvi dodale kan\u010dek \u017eivahnosti, barvitosti in elegance. Svetlikajo\u010di se barvni odtenki bodo tvoje najljub\u0161e supergice preobrazili v edinstven modni kos, ki te bo po zadnjih trendih lahko spremljal tudi ob formalnej\u0161ih prilo\u017enostih.<\/p>\n","protected":false},"featured_media":3305,"template":"","meta":[],"product_brand":[],"product_cat":[319],"product_tag":[],"class_list":{"0":"post-116273","1":"product","2":"type-product","3":"status-publish","4":"has-post-thumbnail","6":"product_cat-laceup-16-mm","8":"first","9":"instock","10":"taxable","11":"shipping-taxable","12":"purchasable","13":"product-type-variable"},"_links":{"self":[{"href":"https:\/\/popermint.com\/sl\/wp-json\/wp\/v2\/product\/116273","targetHints":{"allow":["GET"]}}],"collection":[{"href":"https:\/\/popermint.com\/sl\/wp-json\/wp\/v2\/product"}],"about":[{"href":"https:\/\/popermint.com\/sl\/wp-json\/wp\/v2\/types\/product"}],"wp:featuredmedia":[{"embeddable":true,"href":"https:\/\/popermint.com\/sl\/wp-json\/wp\/v2\/media\/3305"}],"wp:attachment":[{"href":"https:\/\/popermint.com\/sl\/wp-json\/wp\/v2\/media?parent=116273"}],"wp:term":[{"taxonomy":"product_brand","embeddable":true,"href":"https:\/\/popermint.com\/sl\/wp-json\/wp\/v2\/product_brand?post=116273"},{"taxonomy":"product_cat","embeddable":true,"href":"https:\/\/popermint.com\/sl\/wp-json\/wp\/v2\/product_cat?post=116273"},{"taxonomy":"product_tag","embeddable":true,"href":"https:\/\/popermint.com\/sl\/wp-json\/wp\/v2\/product_tag?post=116273"}],"curies":[{"name":"wp","href":"https:\/\/api.w.org\/{rel}","templated":true}]}}