{"id":116303,"date":"2024-05-27T17:36:13","date_gmt":"2024-05-27T17:49:31","guid":{"rendered":"https:\/\/popermint.com\/cream-815\/"},"modified":"2026-03-17T09:11:13","modified_gmt":"2026-03-17T08:11:13","slug":"cream-815","status":"publish","type":"product","link":"https:\/\/popermint.com\/sl\/cream-815\/","title":{"rendered":"Cream 815"},"content":{"rendered":"","protected":false},"excerpt":{"rendered":"<p>Satenaste vezalke bodo tvoji obutvi dodale kan\u010dek \u017eivahnosti, barvitosti in elegance. Svetlikajo\u010di se barvni odtenki bodo tvoje najljub\u0161e supergice preobrazili v edinstven modni kos, ki te bo po zadnjih trendih lahko spremljal tudi ob formalnej\u0161ih prilo\u017enostih.<\/p>\n","protected":false},"featured_media":3407,"template":"","meta":[],"product_brand":[],"product_cat":[319],"product_tag":[],"class_list":{"0":"post-116303","1":"product","2":"type-product","3":"status-publish","4":"has-post-thumbnail","6":"product_cat-laceup-16-mm","8":"first","9":"instock","10":"taxable","11":"shipping-taxable","12":"purchasable","13":"product-type-variable"},"_links":{"self":[{"href":"https:\/\/popermint.com\/sl\/wp-json\/wp\/v2\/product\/116303","targetHints":{"allow":["GET"]}}],"collection":[{"href":"https:\/\/popermint.com\/sl\/wp-json\/wp\/v2\/product"}],"about":[{"href":"https:\/\/popermint.com\/sl\/wp-json\/wp\/v2\/types\/product"}],"wp:featuredmedia":[{"embeddable":true,"href":"https:\/\/popermint.com\/sl\/wp-json\/wp\/v2\/media\/3407"}],"wp:attachment":[{"href":"https:\/\/popermint.com\/sl\/wp-json\/wp\/v2\/media?parent=116303"}],"wp:term":[{"taxonomy":"product_brand","embeddable":true,"href":"https:\/\/popermint.com\/sl\/wp-json\/wp\/v2\/product_brand?post=116303"},{"taxonomy":"product_cat","embeddable":true,"href":"https:\/\/popermint.com\/sl\/wp-json\/wp\/v2\/product_cat?post=116303"},{"taxonomy":"product_tag","embeddable":true,"href":"https:\/\/popermint.com\/sl\/wp-json\/wp\/v2\/product_tag?post=116303"}],"curies":[{"name":"wp","href":"https:\/\/api.w.org\/{rel}","templated":true}]}}