{"id":116785,"date":"2024-05-30T12:02:07","date_gmt":"2024-05-30T10:02:07","guid":{"rendered":"https:\/\/popermint.com\/?post_type=product&#038;p=116785"},"modified":"2025-11-27T12:22:58","modified_gmt":"2025-11-27T11:22:58","slug":"lager-beer","status":"publish","type":"product","link":"https:\/\/popermint.com\/sl\/lager-beer\/","title":{"rendered":"Lager Beer"},"content":{"rendered":"","protected":false},"excerpt":{"rendered":"<p>Eat My Socks so super zabavne nogavice, oblikovane ter pakirane v popolnoma nepri\u010dakovane oblike, kot darilo pa zagotavljajo 100% presene\u010denje in popoln vau efekt. Izdelane so iz kakovostnih materialov, prav tako so zelo udobne in trpe\u017ene.<br \/>\n<b>Unisex &#8211; univerzalna velikost: 36 &#8211; 45<\/b><\/p>\n","protected":false},"featured_media":116775,"template":"","meta":[],"product_brand":[],"product_cat":[864,933],"product_tag":[],"class_list":{"0":"post-116785","1":"product","2":"type-product","3":"status-publish","4":"has-post-thumbnail","6":"product_cat-eat-my-socks-nogavice-in-sponke","7":"product_cat-nogavice-eat-my-socks","9":"first","10":"outofstock","11":"featured","12":"taxable","13":"shipping-taxable","14":"purchasable","15":"product-type-simple"},"_links":{"self":[{"href":"https:\/\/popermint.com\/sl\/wp-json\/wp\/v2\/product\/116785","targetHints":{"allow":["GET"]}}],"collection":[{"href":"https:\/\/popermint.com\/sl\/wp-json\/wp\/v2\/product"}],"about":[{"href":"https:\/\/popermint.com\/sl\/wp-json\/wp\/v2\/types\/product"}],"wp:featuredmedia":[{"embeddable":true,"href":"https:\/\/popermint.com\/sl\/wp-json\/wp\/v2\/media\/116775"}],"wp:attachment":[{"href":"https:\/\/popermint.com\/sl\/wp-json\/wp\/v2\/media?parent=116785"}],"wp:term":[{"taxonomy":"product_brand","embeddable":true,"href":"https:\/\/popermint.com\/sl\/wp-json\/wp\/v2\/product_brand?post=116785"},{"taxonomy":"product_cat","embeddable":true,"href":"https:\/\/popermint.com\/sl\/wp-json\/wp\/v2\/product_cat?post=116785"},{"taxonomy":"product_tag","embeddable":true,"href":"https:\/\/popermint.com\/sl\/wp-json\/wp\/v2\/product_tag?post=116785"}],"curies":[{"name":"wp","href":"https:\/\/api.w.org\/{rel}","templated":true}]}}