{"id":118989,"date":"2024-08-06T13:09:33","date_gmt":"2024-08-06T11:09:33","guid":{"rendered":"https:\/\/popermint.com\/?post_type=product&#038;p=118989"},"modified":"2025-11-27T12:20:42","modified_gmt":"2025-11-27T11:20:42","slug":"flower-power-red","status":"publish","type":"product","link":"https:\/\/popermint.com\/sl\/flower-power-red\/","title":{"rendered":"Flower Power Red"},"content":{"rendered":"","protected":false},"excerpt":{"rendered":"<p>Eat My Socks so super zabavne nogavice, oblikovane ter pakirane v popolnoma nepri\u010dakovane oblike, kot darilo pa zagotavljajo 100% presene\u010denje in popoln vau efekt. Izdelane so iz kakovostnih materialov, prav tako so zelo udobne in trpe\u017ene.<br \/>\n<b>Unisex &#8211; univerzalna velikost: 36 &#8211; 45<\/b><\/p>\n","protected":false},"featured_media":118946,"template":"","meta":[],"product_brand":[],"product_cat":[864,933],"product_tag":[],"class_list":{"0":"post-118989","1":"product","2":"type-product","3":"status-publish","4":"has-post-thumbnail","6":"product_cat-eat-my-socks-nogavice-in-sponke","7":"product_cat-nogavice-eat-my-socks","9":"first","10":"instock","11":"taxable","12":"shipping-taxable","13":"purchasable","14":"product-type-simple"},"_links":{"self":[{"href":"https:\/\/popermint.com\/sl\/wp-json\/wp\/v2\/product\/118989","targetHints":{"allow":["GET"]}}],"collection":[{"href":"https:\/\/popermint.com\/sl\/wp-json\/wp\/v2\/product"}],"about":[{"href":"https:\/\/popermint.com\/sl\/wp-json\/wp\/v2\/types\/product"}],"wp:featuredmedia":[{"embeddable":true,"href":"https:\/\/popermint.com\/sl\/wp-json\/wp\/v2\/media\/118946"}],"wp:attachment":[{"href":"https:\/\/popermint.com\/sl\/wp-json\/wp\/v2\/media?parent=118989"}],"wp:term":[{"taxonomy":"product_brand","embeddable":true,"href":"https:\/\/popermint.com\/sl\/wp-json\/wp\/v2\/product_brand?post=118989"},{"taxonomy":"product_cat","embeddable":true,"href":"https:\/\/popermint.com\/sl\/wp-json\/wp\/v2\/product_cat?post=118989"},{"taxonomy":"product_tag","embeddable":true,"href":"https:\/\/popermint.com\/sl\/wp-json\/wp\/v2\/product_tag?post=118989"}],"curies":[{"name":"wp","href":"https:\/\/api.w.org\/{rel}","templated":true}]}}