{"id":120601,"date":"2024-08-22T12:28:23","date_gmt":"2024-08-22T10:28:23","guid":{"rendered":"https:\/\/popermint.com\/?post_type=product&#038;p=120601"},"modified":"2024-08-26T13:20:38","modified_gmt":"2024-08-26T11:20:38","slug":"word-love-gold","status":"publish","type":"product","link":"https:\/\/popermint.com\/sl\/word-love-gold\/","title":{"rendered":"Word Love Gold"},"content":{"rendered":"","protected":false},"excerpt":{"rendered":"<p>Uhani LULU Copenhagen zdru\u017eujejo skandinavski minimalisti\u010dni dizajn in igrivo eleganco. Vsak kos je skrbno oblikovan, izra\u017ea individualnost in prefinjenost. Izdelani so iz srebra, pozla\u010dene medenine in pozla\u010denega srebra. Na voljo so posamezno, kar omogo\u010da ve\u010djo svobodo in kombinacije z drugimi uhani.<\/p>\n","protected":false},"featured_media":120406,"template":"","meta":[],"product_brand":[],"product_cat":[871],"product_tag":[],"class_list":{"0":"post-120601","1":"product","2":"type-product","3":"status-publish","4":"has-post-thumbnail","6":"product_cat-lulu-copenhagen-nakit","8":"first","9":"instock","10":"taxable","11":"shipping-taxable","12":"purchasable","13":"product-type-simple"},"_links":{"self":[{"href":"https:\/\/popermint.com\/sl\/wp-json\/wp\/v2\/product\/120601","targetHints":{"allow":["GET"]}}],"collection":[{"href":"https:\/\/popermint.com\/sl\/wp-json\/wp\/v2\/product"}],"about":[{"href":"https:\/\/popermint.com\/sl\/wp-json\/wp\/v2\/types\/product"}],"wp:featuredmedia":[{"embeddable":true,"href":"https:\/\/popermint.com\/sl\/wp-json\/wp\/v2\/media\/120406"}],"wp:attachment":[{"href":"https:\/\/popermint.com\/sl\/wp-json\/wp\/v2\/media?parent=120601"}],"wp:term":[{"taxonomy":"product_brand","embeddable":true,"href":"https:\/\/popermint.com\/sl\/wp-json\/wp\/v2\/product_brand?post=120601"},{"taxonomy":"product_cat","embeddable":true,"href":"https:\/\/popermint.com\/sl\/wp-json\/wp\/v2\/product_cat?post=120601"},{"taxonomy":"product_tag","embeddable":true,"href":"https:\/\/popermint.com\/sl\/wp-json\/wp\/v2\/product_tag?post=120601"}],"curies":[{"name":"wp","href":"https:\/\/api.w.org\/{rel}","templated":true}]}}