{"id":122262,"date":"2024-10-14T13:20:01","date_gmt":"2024-10-14T11:20:01","guid":{"rendered":"https:\/\/popermint.com\/?post_type=product&#038;p=122262"},"modified":"2024-10-15T16:12:31","modified_gmt":"2024-10-15T14:12:31","slug":"rokavice-soft-touch-wheat","status":"publish","type":"product","link":"https:\/\/popermint.com\/sl\/rokavice-soft-touch-wheat\/","title":{"rendered":"Rokavice Soft Touch Wheat"},"content":{"rendered":"","protected":false},"excerpt":{"rendered":"<p>Barts Soft Touch Gloves so popolna kombinacija topline, udobja in stila za hladne zimske dni. Zasnovane so kot ozke rokavice, ki u\u010dinkovito vpijajo vlago, hitro se su\u0161ijo in zagotavljajo izjemen oprijem. Poleg tega so opremljene s funkcijo zaslona na dotik, kar \u0161e dodatno izbolj\u0161uje njihovo uporabnost.<\/p>\n","protected":false},"featured_media":122249,"template":"","meta":[],"product_brand":[],"product_cat":[809,819],"product_tag":[],"class_list":{"0":"post-122262","1":"product","2":"type-product","3":"status-publish","4":"has-post-thumbnail","6":"product_cat-barts","7":"product_cat-rokavice","9":"first","10":"instock","11":"taxable","12":"shipping-taxable","13":"purchasable","14":"product-type-variable"},"_links":{"self":[{"href":"https:\/\/popermint.com\/sl\/wp-json\/wp\/v2\/product\/122262","targetHints":{"allow":["GET"]}}],"collection":[{"href":"https:\/\/popermint.com\/sl\/wp-json\/wp\/v2\/product"}],"about":[{"href":"https:\/\/popermint.com\/sl\/wp-json\/wp\/v2\/types\/product"}],"wp:featuredmedia":[{"embeddable":true,"href":"https:\/\/popermint.com\/sl\/wp-json\/wp\/v2\/media\/122249"}],"wp:attachment":[{"href":"https:\/\/popermint.com\/sl\/wp-json\/wp\/v2\/media?parent=122262"}],"wp:term":[{"taxonomy":"product_brand","embeddable":true,"href":"https:\/\/popermint.com\/sl\/wp-json\/wp\/v2\/product_brand?post=122262"},{"taxonomy":"product_cat","embeddable":true,"href":"https:\/\/popermint.com\/sl\/wp-json\/wp\/v2\/product_cat?post=122262"},{"taxonomy":"product_tag","embeddable":true,"href":"https:\/\/popermint.com\/sl\/wp-json\/wp\/v2\/product_tag?post=122262"}],"curies":[{"name":"wp","href":"https:\/\/api.w.org\/{rel}","templated":true}]}}