{"id":122282,"date":"2024-10-14T13:20:11","date_gmt":"2024-10-14T11:20:11","guid":{"rendered":"https:\/\/popermint.com\/darty-grey-2\/"},"modified":"2024-12-17T15:23:53","modified_gmt":"2024-12-17T14:23:53","slug":"rokavice-darty-grey","status":"publish","type":"product","link":"https:\/\/popermint.com\/sl\/rokavice-darty-grey\/","title":{"rendered":"Rokavice Darty Grey"},"content":{"rendered":"","protected":false},"excerpt":{"rendered":"<p>Barts rokavice so popolna kombinacija topline, udobja in stila za hladne zimske dni. Natan\u010dno oblikovane z uporabo visokokakovostnih materialov, te rokavice zagotavljajo za\u0161\u010dito in eleganten videz. Z bogato paleto barv, vzorcev in detajlov so odli\u010den dodatek va\u0161e zimske garderobe.<\/p>\n","protected":false},"featured_media":122085,"template":"","meta":[],"product_brand":[],"product_cat":[809,819],"product_tag":[],"class_list":{"0":"post-122282","1":"product","2":"type-product","3":"status-publish","4":"has-post-thumbnail","6":"product_cat-barts","7":"product_cat-rokavice","9":"first","10":"outofstock","11":"featured","12":"taxable","13":"shipping-taxable","14":"purchasable","15":"product-type-simple"},"_links":{"self":[{"href":"https:\/\/popermint.com\/sl\/wp-json\/wp\/v2\/product\/122282","targetHints":{"allow":["GET"]}}],"collection":[{"href":"https:\/\/popermint.com\/sl\/wp-json\/wp\/v2\/product"}],"about":[{"href":"https:\/\/popermint.com\/sl\/wp-json\/wp\/v2\/types\/product"}],"wp:featuredmedia":[{"embeddable":true,"href":"https:\/\/popermint.com\/sl\/wp-json\/wp\/v2\/media\/122085"}],"wp:attachment":[{"href":"https:\/\/popermint.com\/sl\/wp-json\/wp\/v2\/media?parent=122282"}],"wp:term":[{"taxonomy":"product_brand","embeddable":true,"href":"https:\/\/popermint.com\/sl\/wp-json\/wp\/v2\/product_brand?post=122282"},{"taxonomy":"product_cat","embeddable":true,"href":"https:\/\/popermint.com\/sl\/wp-json\/wp\/v2\/product_cat?post=122282"},{"taxonomy":"product_tag","embeddable":true,"href":"https:\/\/popermint.com\/sl\/wp-json\/wp\/v2\/product_tag?post=122282"}],"curies":[{"name":"wp","href":"https:\/\/api.w.org\/{rel}","templated":true}]}}