{"id":122285,"date":"2024-10-14T13:20:13","date_gmt":"2024-10-14T11:20:13","guid":{"rendered":"https:\/\/popermint.com\/augusti-beanie-blue\/"},"modified":"2024-10-15T14:55:59","modified_gmt":"2024-10-15T12:55:59","slug":"kapa-augusti-beanie-blue","status":"publish","type":"product","link":"https:\/\/popermint.com\/sl\/kapa-augusti-beanie-blue\/","title":{"rendered":"Kapa Augusti Beanie Blue"},"content":{"rendered":"","protected":false},"excerpt":{"rendered":"<p>Barts kape so zasnovane z mislijo na udobje in slog ter zdru\u017eujejo toplino z modnim dizajnom. Raznolika ponudba barv, vzorcev in krojev bo navdu\u0161ila vsak modni okus. Narejene iz kakovostnih materialov z natan\u010dno oblikovanimi detajli, nudijo za\u0161\u010dito pred mrazom in modni zimski izgled.<\/p>\n","protected":false},"featured_media":122237,"template":"","meta":[],"product_brand":[],"product_cat":[809,815],"product_tag":[],"class_list":{"0":"post-122285","1":"product","2":"type-product","3":"status-publish","4":"has-post-thumbnail","6":"product_cat-barts","7":"product_cat-kape","9":"first","10":"instock","11":"taxable","12":"shipping-taxable","13":"purchasable","14":"product-type-simple"},"_links":{"self":[{"href":"https:\/\/popermint.com\/sl\/wp-json\/wp\/v2\/product\/122285","targetHints":{"allow":["GET"]}}],"collection":[{"href":"https:\/\/popermint.com\/sl\/wp-json\/wp\/v2\/product"}],"about":[{"href":"https:\/\/popermint.com\/sl\/wp-json\/wp\/v2\/types\/product"}],"wp:featuredmedia":[{"embeddable":true,"href":"https:\/\/popermint.com\/sl\/wp-json\/wp\/v2\/media\/122237"}],"wp:attachment":[{"href":"https:\/\/popermint.com\/sl\/wp-json\/wp\/v2\/media?parent=122285"}],"wp:term":[{"taxonomy":"product_brand","embeddable":true,"href":"https:\/\/popermint.com\/sl\/wp-json\/wp\/v2\/product_brand?post=122285"},{"taxonomy":"product_cat","embeddable":true,"href":"https:\/\/popermint.com\/sl\/wp-json\/wp\/v2\/product_cat?post=122285"},{"taxonomy":"product_tag","embeddable":true,"href":"https:\/\/popermint.com\/sl\/wp-json\/wp\/v2\/product_tag?post=122285"}],"curies":[{"name":"wp","href":"https:\/\/api.w.org\/{rel}","templated":true}]}}