{"id":122292,"date":"2024-10-14T13:20:19","date_gmt":"2024-10-14T11:20:19","guid":{"rendered":"https:\/\/popermint.com\/?post_type=product&#038;p=122292"},"modified":"2024-10-15T17:08:07","modified_gmt":"2024-10-15T15:08:07","slug":"copati-vensie-black","status":"publish","type":"product","link":"https:\/\/popermint.com\/sl\/copati-vensie-black\/","title":{"rendered":"Copati Vensie Black"},"content":{"rendered":"","protected":false},"excerpt":{"rendered":"<p>Barts copati so udobni in kakovostno izdelani copati, ki poskrbijo za toplino in udobje va\u0161ih stopal v hladnej\u0161ih dneh. Narejeni so iz mehkih in vzdr\u017eljivih materialov, ki nudijo prijeten ob\u010dutek pri no\u0161enju, obenem pa omogo\u010dajo dihanje stopal. Njihova podloga je zasnovana tako, da zagotavlja dober oprijem in stabilnost pri vsakem koraku.<\/p>\n","protected":false},"featured_media":122047,"template":"","meta":[],"product_brand":[],"product_cat":[809],"product_tag":[],"class_list":{"0":"post-122292","1":"product","2":"type-product","3":"status-publish","4":"has-post-thumbnail","6":"product_cat-barts","8":"first","9":"instock","10":"taxable","11":"shipping-taxable","12":"purchasable","13":"product-type-variable"},"_links":{"self":[{"href":"https:\/\/popermint.com\/sl\/wp-json\/wp\/v2\/product\/122292","targetHints":{"allow":["GET"]}}],"collection":[{"href":"https:\/\/popermint.com\/sl\/wp-json\/wp\/v2\/product"}],"about":[{"href":"https:\/\/popermint.com\/sl\/wp-json\/wp\/v2\/types\/product"}],"wp:featuredmedia":[{"embeddable":true,"href":"https:\/\/popermint.com\/sl\/wp-json\/wp\/v2\/media\/122047"}],"wp:attachment":[{"href":"https:\/\/popermint.com\/sl\/wp-json\/wp\/v2\/media?parent=122292"}],"wp:term":[{"taxonomy":"product_brand","embeddable":true,"href":"https:\/\/popermint.com\/sl\/wp-json\/wp\/v2\/product_brand?post=122292"},{"taxonomy":"product_cat","embeddable":true,"href":"https:\/\/popermint.com\/sl\/wp-json\/wp\/v2\/product_cat?post=122292"},{"taxonomy":"product_tag","embeddable":true,"href":"https:\/\/popermint.com\/sl\/wp-json\/wp\/v2\/product_tag?post=122292"}],"curies":[{"name":"wp","href":"https:\/\/api.w.org\/{rel}","templated":true}]}}