{"id":122352,"date":"2024-10-14T13:20:50","date_gmt":"2024-10-14T11:20:50","guid":{"rendered":"https:\/\/popermint.com\/torba-sloans-shoulderbag-beige\/"},"modified":"2024-10-15T16:37:47","modified_gmt":"2024-10-15T14:37:47","slug":"torba-sloans-shoulderbag-beige","status":"publish","type":"product","link":"https:\/\/popermint.com\/sl\/torba-sloans-shoulderbag-beige\/","title":{"rendered":"Torba Sloans Shoulderbag Beige"},"content":{"rendered":"","protected":false},"excerpt":{"rendered":"<p>Barts torbe so zasnovane z mislijo na udobje in slog ter zdru\u017eujejo toplino z modnim dizajnom. Raznolika ponudba barv, vzorcev in krojev bo navdu\u0161ila vsak modni okus. Narejene iz kakovostnih materialov z natan\u010dno oblikovanimi detajli, nudijo modni zimski izgled.<\/p>\n","protected":false},"featured_media":122153,"template":"","meta":[],"product_brand":[],"product_cat":[809,820],"product_tag":[],"class_list":{"0":"post-122352","1":"product","2":"type-product","3":"status-publish","4":"has-post-thumbnail","6":"product_cat-barts","7":"product_cat-torbe","9":"first","10":"outofstock","11":"taxable","12":"shipping-taxable","13":"purchasable","14":"product-type-simple"},"_links":{"self":[{"href":"https:\/\/popermint.com\/sl\/wp-json\/wp\/v2\/product\/122352","targetHints":{"allow":["GET"]}}],"collection":[{"href":"https:\/\/popermint.com\/sl\/wp-json\/wp\/v2\/product"}],"about":[{"href":"https:\/\/popermint.com\/sl\/wp-json\/wp\/v2\/types\/product"}],"wp:featuredmedia":[{"embeddable":true,"href":"https:\/\/popermint.com\/sl\/wp-json\/wp\/v2\/media\/122153"}],"wp:attachment":[{"href":"https:\/\/popermint.com\/sl\/wp-json\/wp\/v2\/media?parent=122352"}],"wp:term":[{"taxonomy":"product_brand","embeddable":true,"href":"https:\/\/popermint.com\/sl\/wp-json\/wp\/v2\/product_brand?post=122352"},{"taxonomy":"product_cat","embeddable":true,"href":"https:\/\/popermint.com\/sl\/wp-json\/wp\/v2\/product_cat?post=122352"},{"taxonomy":"product_tag","embeddable":true,"href":"https:\/\/popermint.com\/sl\/wp-json\/wp\/v2\/product_tag?post=122352"}],"curies":[{"name":"wp","href":"https:\/\/api.w.org\/{rel}","templated":true}]}}