{"id":122355,"date":"2024-10-14T13:20:53","date_gmt":"2024-10-14T11:20:53","guid":{"rendered":"https:\/\/popermint.com\/torba-sloans-shopper-pale-army\/"},"modified":"2024-12-17T15:19:21","modified_gmt":"2024-12-17T14:19:21","slug":"torba-sloans-shopper-pale-army","status":"publish","type":"product","link":"https:\/\/popermint.com\/sl\/torba-sloans-shopper-pale-army\/","title":{"rendered":"Torba Sloans Shopper Pale Army"},"content":{"rendered":"","protected":false},"excerpt":{"rendered":"<p>Barts torbe so zasnovane z mislijo na udobje in slog ter zdru\u017eujejo toplino z modnim dizajnom. Raznolika ponudba barv, vzorcev in krojev bo navdu\u0161ila vsak modni okus. Narejene iz kakovostnih materialov z natan\u010dno oblikovanimi detajli, nudijo modni zimski izgled.<\/p>\n","protected":false},"featured_media":122149,"template":"","meta":[],"product_brand":[],"product_cat":[809,820],"product_tag":[],"class_list":{"0":"post-122355","1":"product","2":"type-product","3":"status-publish","4":"has-post-thumbnail","6":"product_cat-barts","7":"product_cat-torbe","9":"first","10":"outofstock","11":"featured","12":"taxable","13":"shipping-taxable","14":"purchasable","15":"product-type-simple"},"_links":{"self":[{"href":"https:\/\/popermint.com\/sl\/wp-json\/wp\/v2\/product\/122355","targetHints":{"allow":["GET"]}}],"collection":[{"href":"https:\/\/popermint.com\/sl\/wp-json\/wp\/v2\/product"}],"about":[{"href":"https:\/\/popermint.com\/sl\/wp-json\/wp\/v2\/types\/product"}],"wp:featuredmedia":[{"embeddable":true,"href":"https:\/\/popermint.com\/sl\/wp-json\/wp\/v2\/media\/122149"}],"wp:attachment":[{"href":"https:\/\/popermint.com\/sl\/wp-json\/wp\/v2\/media?parent=122355"}],"wp:term":[{"taxonomy":"product_brand","embeddable":true,"href":"https:\/\/popermint.com\/sl\/wp-json\/wp\/v2\/product_brand?post=122355"},{"taxonomy":"product_cat","embeddable":true,"href":"https:\/\/popermint.com\/sl\/wp-json\/wp\/v2\/product_cat?post=122355"},{"taxonomy":"product_tag","embeddable":true,"href":"https:\/\/popermint.com\/sl\/wp-json\/wp\/v2\/product_tag?post=122355"}],"curies":[{"name":"wp","href":"https:\/\/api.w.org\/{rel}","templated":true}]}}