{"id":122850,"date":"2024-10-22T16:27:28","date_gmt":"2024-10-22T14:27:28","guid":{"rendered":"https:\/\/popermint.com\/?post_type=product&#038;p=122850"},"modified":"2024-12-17T15:21:08","modified_gmt":"2024-12-17T14:21:08","slug":"hybrid-leather-pastel-pink","status":"publish","type":"product","link":"https:\/\/popermint.com\/sl\/hybrid-leather-pastel-pink\/","title":{"rendered":"Hybrid Leather Pastel Pink"},"content":{"rendered":"","protected":false},"excerpt":{"rendered":"<p>Organizator klju\u010dev Hybrid Leather znamke Orbitkey zdru\u017euje prefinjenost usnja in vzdr\u017eljivost polimera, kar zagotavlja popolno kombinacijo dolgotrajnega sloga. Na organizator lahko namestite do 7 klju\u010dev, vklju\u010dno z avtomobilskimi klju\u010di in obeski na D-obro\u010du. Izdelek je prejel nagrado za mehanizem za varno zaklepanje.<\/p>\n","protected":false},"featured_media":122759,"template":"","meta":[],"product_brand":[],"product_cat":[899],"product_tag":[],"class_list":{"0":"post-122850","1":"product","2":"type-product","3":"status-publish","4":"has-post-thumbnail","6":"product_cat-organizator-kljucev-orbitkey","8":"first","9":"instock","10":"featured","11":"taxable","12":"shipping-taxable","13":"purchasable","14":"product-type-simple"},"_links":{"self":[{"href":"https:\/\/popermint.com\/sl\/wp-json\/wp\/v2\/product\/122850","targetHints":{"allow":["GET"]}}],"collection":[{"href":"https:\/\/popermint.com\/sl\/wp-json\/wp\/v2\/product"}],"about":[{"href":"https:\/\/popermint.com\/sl\/wp-json\/wp\/v2\/types\/product"}],"wp:featuredmedia":[{"embeddable":true,"href":"https:\/\/popermint.com\/sl\/wp-json\/wp\/v2\/media\/122759"}],"wp:attachment":[{"href":"https:\/\/popermint.com\/sl\/wp-json\/wp\/v2\/media?parent=122850"}],"wp:term":[{"taxonomy":"product_brand","embeddable":true,"href":"https:\/\/popermint.com\/sl\/wp-json\/wp\/v2\/product_brand?post=122850"},{"taxonomy":"product_cat","embeddable":true,"href":"https:\/\/popermint.com\/sl\/wp-json\/wp\/v2\/product_cat?post=122850"},{"taxonomy":"product_tag","embeddable":true,"href":"https:\/\/popermint.com\/sl\/wp-json\/wp\/v2\/product_tag?post=122850"}],"curies":[{"name":"wp","href":"https:\/\/api.w.org\/{rel}","templated":true}]}}