{"id":122860,"date":"2024-10-22T16:06:31","date_gmt":"2024-10-22T14:06:31","guid":{"rendered":"https:\/\/popermint.com\/?post_type=product&#038;p=122860"},"modified":"2025-08-26T18:33:36","modified_gmt":"2025-08-26T16:33:36","slug":"saxophone","status":"publish","type":"product","link":"https:\/\/popermint.com\/sl\/saxophone\/","title":{"rendered":"Saxophone"},"content":{"rendered":"","protected":false},"excerpt":{"rendered":"<p>Klasi\u010dne mo\u0161ke nogavice so odli\u010dna izbira za vse, ki \u017eelite na subtilen na\u010din popestriti svoje modne kombinacije. Izredno udobne in navidezno brez\u0161ivne nogavice vas bodo na notranji strani razvajale z organskim bomba\u017eem, na zunanji pa s pozitivnimi in barvitimi motivi.<br \/>\n<strong>Velikost: 41-46<\/strong><\/p>\n","protected":false},"featured_media":122832,"template":"","meta":[],"product_brand":[],"product_cat":[330,331,332],"product_tag":[],"class_list":{"0":"post-122860","1":"product","2":"type-product","3":"status-publish","4":"has-post-thumbnail","6":"product_cat-nogavice-wigglesteps","7":"product_cat-moske-nogavice","8":"product_cat-klasicne-nogavice-m","10":"first","11":"instock","12":"taxable","13":"shipping-taxable","14":"purchasable","15":"product-type-simple"},"_links":{"self":[{"href":"https:\/\/popermint.com\/sl\/wp-json\/wp\/v2\/product\/122860","targetHints":{"allow":["GET"]}}],"collection":[{"href":"https:\/\/popermint.com\/sl\/wp-json\/wp\/v2\/product"}],"about":[{"href":"https:\/\/popermint.com\/sl\/wp-json\/wp\/v2\/types\/product"}],"wp:featuredmedia":[{"embeddable":true,"href":"https:\/\/popermint.com\/sl\/wp-json\/wp\/v2\/media\/122832"}],"wp:attachment":[{"href":"https:\/\/popermint.com\/sl\/wp-json\/wp\/v2\/media?parent=122860"}],"wp:term":[{"taxonomy":"product_brand","embeddable":true,"href":"https:\/\/popermint.com\/sl\/wp-json\/wp\/v2\/product_brand?post=122860"},{"taxonomy":"product_cat","embeddable":true,"href":"https:\/\/popermint.com\/sl\/wp-json\/wp\/v2\/product_cat?post=122860"},{"taxonomy":"product_tag","embeddable":true,"href":"https:\/\/popermint.com\/sl\/wp-json\/wp\/v2\/product_tag?post=122860"}],"curies":[{"name":"wp","href":"https:\/\/api.w.org\/{rel}","templated":true}]}}