{"id":123225,"date":"2024-10-25T16:31:26","date_gmt":"2024-10-25T14:31:26","guid":{"rendered":"https:\/\/popermint.com\/?post_type=product&#038;p=123225"},"modified":"2026-03-02T08:50:32","modified_gmt":"2026-03-02T07:50:32","slug":"torba-za-telefon-agar","status":"publish","type":"product","link":"https:\/\/popermint.com\/sl\/torba-za-telefon-agar\/","title":{"rendered":"Torba za telefon Agar"},"content":{"rendered":"","protected":false},"excerpt":{"rendered":"<p>Agar Phone Bag je elegantna torbica za telefon blagovne znamke Wouf s potiskom. Narejena je iz kakovostnega materiala in ima pa\u0161\u010dek za no\u0161enje okoli vratu ali preko ramena. Torbica je primerna za shranjevanje va\u0161ega mobilnega telefona, kreditnih kartic in drugih manj\u0161ih predmetov, ki jih potrebujete na poti.<\/p>\n","protected":false},"featured_media":123111,"template":"","meta":[],"product_brand":[],"product_cat":[780],"product_tag":[],"class_list":{"0":"post-123225","1":"product","2":"type-product","3":"status-publish","4":"has-post-thumbnail","6":"product_cat-wouf","8":"first","9":"outofstock","10":"featured","11":"taxable","12":"shipping-taxable","13":"purchasable","14":"product-type-simple"},"_links":{"self":[{"href":"https:\/\/popermint.com\/sl\/wp-json\/wp\/v2\/product\/123225","targetHints":{"allow":["GET"]}}],"collection":[{"href":"https:\/\/popermint.com\/sl\/wp-json\/wp\/v2\/product"}],"about":[{"href":"https:\/\/popermint.com\/sl\/wp-json\/wp\/v2\/types\/product"}],"wp:featuredmedia":[{"embeddable":true,"href":"https:\/\/popermint.com\/sl\/wp-json\/wp\/v2\/media\/123111"}],"wp:attachment":[{"href":"https:\/\/popermint.com\/sl\/wp-json\/wp\/v2\/media?parent=123225"}],"wp:term":[{"taxonomy":"product_brand","embeddable":true,"href":"https:\/\/popermint.com\/sl\/wp-json\/wp\/v2\/product_brand?post=123225"},{"taxonomy":"product_cat","embeddable":true,"href":"https:\/\/popermint.com\/sl\/wp-json\/wp\/v2\/product_cat?post=123225"},{"taxonomy":"product_tag","embeddable":true,"href":"https:\/\/popermint.com\/sl\/wp-json\/wp\/v2\/product_tag?post=123225"}],"curies":[{"name":"wp","href":"https:\/\/api.w.org\/{rel}","templated":true}]}}