{"id":123690,"date":"2024-11-12T12:13:45","date_gmt":"2024-11-12T11:13:45","guid":{"rendered":"https:\/\/popermint.com\/?post_type=product&#038;p=123690"},"modified":"2025-12-15T09:42:25","modified_gmt":"2025-12-15T08:42:25","slug":"peace-love","status":"publish","type":"product","link":"https:\/\/popermint.com\/sl\/peace-love\/","title":{"rendered":"Peace &#038; Love"},"content":{"rendered":"","protected":false},"excerpt":{"rendered":"<p>Eat My Socks so super zabavne nogavice, oblikovane ter pakirane v popolnoma nepri\u010dakovane oblike, kot darilo pa zagotavljajo 100% presene\u010denje in popoln vau efekt. Izdelane so iz kakovostnih materialov, prav tako so zelo udobne in trpe\u017ene.<br \/>\n<b>Unisex &#8211; univerzalna velikost: 36 &#8211; 45<\/b><\/p>\n","protected":false},"featured_media":123685,"template":"","meta":[],"product_brand":[],"product_cat":[864,933],"product_tag":[],"class_list":{"0":"post-123690","1":"product","2":"type-product","3":"status-publish","4":"has-post-thumbnail","6":"product_cat-eat-my-socks-nogavice-in-sponke","7":"product_cat-nogavice-eat-my-socks","9":"first","10":"instock","11":"taxable","12":"shipping-taxable","13":"purchasable","14":"product-type-simple"},"_links":{"self":[{"href":"https:\/\/popermint.com\/sl\/wp-json\/wp\/v2\/product\/123690","targetHints":{"allow":["GET"]}}],"collection":[{"href":"https:\/\/popermint.com\/sl\/wp-json\/wp\/v2\/product"}],"about":[{"href":"https:\/\/popermint.com\/sl\/wp-json\/wp\/v2\/types\/product"}],"wp:featuredmedia":[{"embeddable":true,"href":"https:\/\/popermint.com\/sl\/wp-json\/wp\/v2\/media\/123685"}],"wp:attachment":[{"href":"https:\/\/popermint.com\/sl\/wp-json\/wp\/v2\/media?parent=123690"}],"wp:term":[{"taxonomy":"product_brand","embeddable":true,"href":"https:\/\/popermint.com\/sl\/wp-json\/wp\/v2\/product_brand?post=123690"},{"taxonomy":"product_cat","embeddable":true,"href":"https:\/\/popermint.com\/sl\/wp-json\/wp\/v2\/product_cat?post=123690"},{"taxonomy":"product_tag","embeddable":true,"href":"https:\/\/popermint.com\/sl\/wp-json\/wp\/v2\/product_tag?post=123690"}],"curies":[{"name":"wp","href":"https:\/\/api.w.org\/{rel}","templated":true}]}}