{"id":124259,"date":"2024-12-04T09:25:50","date_gmt":"2024-12-04T08:25:50","guid":{"rendered":"https:\/\/popermint.com\/?post_type=product&#038;p=124259"},"modified":"2026-01-28T22:19:57","modified_gmt":"2026-01-28T21:19:57","slug":"sveca-get-well-soon","status":"publish","type":"product","link":"https:\/\/popermint.com\/sl\/sveca-get-well-soon\/","title":{"rendered":"Sve\u010da Get well soon"},"content":{"rendered":"","protected":false},"excerpt":{"rendered":"<p>Not The Girl Who Misses Much sve\u010de v \u017eivahnih barvah nosijo sporo\u010dila, povezana z razli\u010dnimi vidiki \u017eivljenja in so popolne za darilo. Ro\u010dno izdelane iz trdno obarvanega rastlinskega voska, so brez parafina, veganske in okolju prijazne. Na voljo so v vi\u0161ini 230 mm, premeru 22 mm in gorijo 8 do 9 ur z brezhibnim izgorevanjem. <br \/> <strong>Stojalo ni vklju\u010deno v ceno!<\/strong><\/p>\n","protected":false},"featured_media":124152,"template":"","meta":[],"product_brand":[],"product_cat":[912],"product_tag":[],"class_list":{"0":"post-124259","1":"product","2":"type-product","3":"status-publish","4":"has-post-thumbnail","6":"product_cat-not-the-girl-who-misses-much-svece","8":"first","9":"instock","10":"taxable","11":"shipping-taxable","12":"purchasable","13":"product-type-simple"},"_links":{"self":[{"href":"https:\/\/popermint.com\/sl\/wp-json\/wp\/v2\/product\/124259","targetHints":{"allow":["GET"]}}],"collection":[{"href":"https:\/\/popermint.com\/sl\/wp-json\/wp\/v2\/product"}],"about":[{"href":"https:\/\/popermint.com\/sl\/wp-json\/wp\/v2\/types\/product"}],"wp:featuredmedia":[{"embeddable":true,"href":"https:\/\/popermint.com\/sl\/wp-json\/wp\/v2\/media\/124152"}],"wp:attachment":[{"href":"https:\/\/popermint.com\/sl\/wp-json\/wp\/v2\/media?parent=124259"}],"wp:term":[{"taxonomy":"product_brand","embeddable":true,"href":"https:\/\/popermint.com\/sl\/wp-json\/wp\/v2\/product_brand?post=124259"},{"taxonomy":"product_cat","embeddable":true,"href":"https:\/\/popermint.com\/sl\/wp-json\/wp\/v2\/product_cat?post=124259"},{"taxonomy":"product_tag","embeddable":true,"href":"https:\/\/popermint.com\/sl\/wp-json\/wp\/v2\/product_tag?post=124259"}],"curies":[{"name":"wp","href":"https:\/\/api.w.org\/{rel}","templated":true}]}}