{"id":127917,"date":"2025-03-11T09:55:27","date_gmt":"2025-03-11T08:55:27","guid":{"rendered":"https:\/\/popermint.com\/?post_type=product&#038;p=127917"},"modified":"2025-03-11T11:10:53","modified_gmt":"2025-03-11T10:10:53","slug":"belezka-mood","status":"publish","type":"product","link":"https:\/\/popermint.com\/sl\/belezka-mood\/","title":{"rendered":"Bele\u017eka Mood"},"content":{"rendered":"","protected":false},"excerpt":{"rendered":"<p>Nuuna bele\u017eke zdru\u017eujejo eleganco, funkcionalnost in trajnost v enem. Izdelani iz okolju prijaznih materialov so popolna izbira za tiste, ki cenijo kakovost in estetiko. Vsaka bele\u017eka ima mehke, a trdne platnice, notranje strani pa ponujajo dovolj prostora za zapiske, risanje ali zapisovanje vseh pomembnih idej.<\/p>\n","protected":false},"featured_media":127789,"template":"","meta":[],"product_brand":[],"product_cat":[918],"product_tag":[],"class_list":{"0":"post-127917","1":"product","2":"type-product","3":"status-publish","4":"has-post-thumbnail","6":"product_cat-belezke-nuuna","8":"first","9":"instock","10":"taxable","11":"shipping-taxable","12":"purchasable","13":"product-type-simple"},"_links":{"self":[{"href":"https:\/\/popermint.com\/sl\/wp-json\/wp\/v2\/product\/127917","targetHints":{"allow":["GET"]}}],"collection":[{"href":"https:\/\/popermint.com\/sl\/wp-json\/wp\/v2\/product"}],"about":[{"href":"https:\/\/popermint.com\/sl\/wp-json\/wp\/v2\/types\/product"}],"wp:featuredmedia":[{"embeddable":true,"href":"https:\/\/popermint.com\/sl\/wp-json\/wp\/v2\/media\/127789"}],"wp:attachment":[{"href":"https:\/\/popermint.com\/sl\/wp-json\/wp\/v2\/media?parent=127917"}],"wp:term":[{"taxonomy":"product_brand","embeddable":true,"href":"https:\/\/popermint.com\/sl\/wp-json\/wp\/v2\/product_brand?post=127917"},{"taxonomy":"product_cat","embeddable":true,"href":"https:\/\/popermint.com\/sl\/wp-json\/wp\/v2\/product_cat?post=127917"},{"taxonomy":"product_tag","embeddable":true,"href":"https:\/\/popermint.com\/sl\/wp-json\/wp\/v2\/product_tag?post=127917"}],"curies":[{"name":"wp","href":"https:\/\/api.w.org\/{rel}","templated":true}]}}