{"id":127918,"date":"2025-03-11T09:55:28","date_gmt":"2025-03-11T08:55:28","guid":{"rendered":"https:\/\/popermint.com\/?post_type=product&#038;p=127918"},"modified":"2026-04-03T12:26:25","modified_gmt":"2026-04-03T10:26:25","slug":"belezka-write-wrong","status":"publish","type":"product","link":"https:\/\/popermint.com\/sl\/belezka-write-wrong\/","title":{"rendered":"Bele\u017eka Write &#8211; Wrong"},"content":{"rendered":"","protected":false},"excerpt":{"rendered":"<p>Nuuna bele\u017eke zdru\u017eujejo eleganco, funkcionalnost in trajnost v enem. Izdelani iz okolju prijaznih materialov so popolna izbira za tiste, ki cenijo kakovost in estetiko. Vsaka bele\u017eka ima mehke, a trdne platnice, notranje strani pa ponujajo dovolj prostora za zapiske, risanje ali zapisovanje vseh pomembnih idej.<\/p>\n","protected":false},"featured_media":127765,"template":"","meta":[],"product_brand":[],"product_cat":[918,990],"product_tag":[],"class_list":{"0":"post-127918","1":"product","2":"type-product","3":"status-publish","4":"has-post-thumbnail","6":"product_cat-belezke-nuuna","7":"product_cat-izbor-tedna","9":"first","10":"instock","11":"taxable","12":"shipping-taxable","13":"purchasable","14":"product-type-simple"},"_links":{"self":[{"href":"https:\/\/popermint.com\/sl\/wp-json\/wp\/v2\/product\/127918","targetHints":{"allow":["GET"]}}],"collection":[{"href":"https:\/\/popermint.com\/sl\/wp-json\/wp\/v2\/product"}],"about":[{"href":"https:\/\/popermint.com\/sl\/wp-json\/wp\/v2\/types\/product"}],"wp:featuredmedia":[{"embeddable":true,"href":"https:\/\/popermint.com\/sl\/wp-json\/wp\/v2\/media\/127765"}],"wp:attachment":[{"href":"https:\/\/popermint.com\/sl\/wp-json\/wp\/v2\/media?parent=127918"}],"wp:term":[{"taxonomy":"product_brand","embeddable":true,"href":"https:\/\/popermint.com\/sl\/wp-json\/wp\/v2\/product_brand?post=127918"},{"taxonomy":"product_cat","embeddable":true,"href":"https:\/\/popermint.com\/sl\/wp-json\/wp\/v2\/product_cat?post=127918"},{"taxonomy":"product_tag","embeddable":true,"href":"https:\/\/popermint.com\/sl\/wp-json\/wp\/v2\/product_tag?post=127918"}],"curies":[{"name":"wp","href":"https:\/\/api.w.org\/{rel}","templated":true}]}}