{"id":128059,"date":"2025-03-11T13:17:15","date_gmt":"2025-03-11T12:17:15","guid":{"rendered":"https:\/\/popermint.com\/?post_type=product&#038;p=128059"},"modified":"2026-02-16T14:49:29","modified_gmt":"2026-02-16T13:49:29","slug":"smart-cat-500-ml","status":"publish","type":"product","link":"https:\/\/popermint.com\/sl\/smart-cat-500-ml\/","title":{"rendered":"Smart Cat 500 ml"},"content":{"rendered":"","protected":false},"excerpt":{"rendered":"<p>24Bottles je italijanska znamka steklenic za vodo, ki na trgu izstopa s svojimi prepoznavnimi \u017eivahnimi barvami in vzorci. Njihova vrhunska izdelava, dolgotrajno ohranjanje temperature teko\u010din in moderen dizajn so nekatere izmed glavnih zna\u010dilnosti. S \u0161iroko izbiro volumnov in kolekcij lahko vsak najde popolno steklenico zase.<\/p>\n","protected":false},"featured_media":128036,"template":"","meta":[],"product_brand":[],"product_cat":[920],"product_tag":[],"class_list":{"0":"post-128059","1":"product","2":"type-product","3":"status-publish","4":"has-post-thumbnail","6":"product_cat-24bottles-flaske","8":"first","9":"instock","10":"taxable","11":"shipping-taxable","12":"purchasable","13":"product-type-simple"},"_links":{"self":[{"href":"https:\/\/popermint.com\/sl\/wp-json\/wp\/v2\/product\/128059","targetHints":{"allow":["GET"]}}],"collection":[{"href":"https:\/\/popermint.com\/sl\/wp-json\/wp\/v2\/product"}],"about":[{"href":"https:\/\/popermint.com\/sl\/wp-json\/wp\/v2\/types\/product"}],"wp:featuredmedia":[{"embeddable":true,"href":"https:\/\/popermint.com\/sl\/wp-json\/wp\/v2\/media\/128036"}],"wp:attachment":[{"href":"https:\/\/popermint.com\/sl\/wp-json\/wp\/v2\/media?parent=128059"}],"wp:term":[{"taxonomy":"product_brand","embeddable":true,"href":"https:\/\/popermint.com\/sl\/wp-json\/wp\/v2\/product_brand?post=128059"},{"taxonomy":"product_cat","embeddable":true,"href":"https:\/\/popermint.com\/sl\/wp-json\/wp\/v2\/product_cat?post=128059"},{"taxonomy":"product_tag","embeddable":true,"href":"https:\/\/popermint.com\/sl\/wp-json\/wp\/v2\/product_tag?post=128059"}],"curies":[{"name":"wp","href":"https:\/\/api.w.org\/{rel}","templated":true}]}}