{"id":128812,"date":"2025-03-18T12:00:17","date_gmt":"2025-03-18T11:00:17","guid":{"rendered":"https:\/\/popermint.com\/?post_type=product&#038;p=128812"},"modified":"2025-06-06T13:34:01","modified_gmt":"2025-06-06T11:34:01","slug":"termovka-iceflow-straw-twilight-0-89-l","status":"publish","type":"product","link":"https:\/\/popermint.com\/sl\/termovka-iceflow-straw-twilight-0-89-l\/","title":{"rendered":"Termovka IceFlow Straw Twilight 0.89 L"},"content":{"rendered":"","protected":false},"excerpt":{"rendered":"<p>Stanley Ice Flow je trendovska in predvsem prakti\u010dna termovka, vrhunske kakovosti, s kapaciteto 0.89 L. Navkljub svoji velikosti, se v spodnjem delu prilega vsem nosilcem, tako v va\u0161em avtomobilu, kot na na kolesu ali teka\u0161ki stezi. Le z dvakratnim polnjenjem poskrbi za celodnevno hidracijo na delovnem mestu ali potovanju. Ima preklopno slamico za enostavno pitje ter zlo\u017eljiv ro\u010daj za la\u017eje no\u0161enje.<\/p>\n","protected":false},"featured_media":128786,"template":"","meta":[],"product_brand":[],"product_cat":[873],"product_tag":[],"class_list":{"0":"post-128812","1":"product","2":"type-product","3":"status-publish","4":"has-post-thumbnail","6":"product_cat-stanley-termovke","8":"first","9":"outofstock","10":"taxable","11":"shipping-taxable","12":"purchasable","13":"product-type-simple"},"_links":{"self":[{"href":"https:\/\/popermint.com\/sl\/wp-json\/wp\/v2\/product\/128812","targetHints":{"allow":["GET"]}}],"collection":[{"href":"https:\/\/popermint.com\/sl\/wp-json\/wp\/v2\/product"}],"about":[{"href":"https:\/\/popermint.com\/sl\/wp-json\/wp\/v2\/types\/product"}],"wp:featuredmedia":[{"embeddable":true,"href":"https:\/\/popermint.com\/sl\/wp-json\/wp\/v2\/media\/128786"}],"wp:attachment":[{"href":"https:\/\/popermint.com\/sl\/wp-json\/wp\/v2\/media?parent=128812"}],"wp:term":[{"taxonomy":"product_brand","embeddable":true,"href":"https:\/\/popermint.com\/sl\/wp-json\/wp\/v2\/product_brand?post=128812"},{"taxonomy":"product_cat","embeddable":true,"href":"https:\/\/popermint.com\/sl\/wp-json\/wp\/v2\/product_cat?post=128812"},{"taxonomy":"product_tag","embeddable":true,"href":"https:\/\/popermint.com\/sl\/wp-json\/wp\/v2\/product_tag?post=128812"}],"curies":[{"name":"wp","href":"https:\/\/api.w.org\/{rel}","templated":true}]}}