{"id":130109,"date":"2025-03-26T11:23:28","date_gmt":"2025-03-26T10:23:28","guid":{"rendered":"https:\/\/popermint.com\/?post_type=product&#038;p=130109"},"modified":"2025-11-18T11:59:31","modified_gmt":"2025-11-18T10:59:31","slug":"bralna-ocala-e-reading-kaki-green","status":"publish","type":"product","link":"https:\/\/popermint.com\/sl\/bralna-ocala-e-reading-kaki-green\/","title":{"rendered":"Bralna o\u010dala #E Reading Kaki Green"},"content":{"rendered":"","protected":false},"excerpt":{"rendered":"<p>Bralna o\u010dala &#8211; #E READING Kaki zelena: velika, strukturirana, trapez oblike. Unisex, univerzalni model. Originalen, moden dizajn. Visokokakovostna, lahka in udobna o\u010dala za branje: pro\u017ene ro\u010dice, mat u\u010dinek.<\/p>\n","protected":false},"featured_media":129674,"template":"","meta":[],"product_brand":[],"product_cat":[923,924],"product_tag":[],"class_list":{"0":"post-130109","1":"product","2":"type-product","3":"status-publish","4":"has-post-thumbnail","6":"product_cat-izipizi-ocala","7":"product_cat-bralna-ocala-izipizi","9":"first","10":"instock","11":"taxable","12":"shipping-taxable","13":"purchasable","14":"product-type-variable"},"_links":{"self":[{"href":"https:\/\/popermint.com\/sl\/wp-json\/wp\/v2\/product\/130109","targetHints":{"allow":["GET"]}}],"collection":[{"href":"https:\/\/popermint.com\/sl\/wp-json\/wp\/v2\/product"}],"about":[{"href":"https:\/\/popermint.com\/sl\/wp-json\/wp\/v2\/types\/product"}],"wp:featuredmedia":[{"embeddable":true,"href":"https:\/\/popermint.com\/sl\/wp-json\/wp\/v2\/media\/129674"}],"wp:attachment":[{"href":"https:\/\/popermint.com\/sl\/wp-json\/wp\/v2\/media?parent=130109"}],"wp:term":[{"taxonomy":"product_brand","embeddable":true,"href":"https:\/\/popermint.com\/sl\/wp-json\/wp\/v2\/product_brand?post=130109"},{"taxonomy":"product_cat","embeddable":true,"href":"https:\/\/popermint.com\/sl\/wp-json\/wp\/v2\/product_cat?post=130109"},{"taxonomy":"product_tag","embeddable":true,"href":"https:\/\/popermint.com\/sl\/wp-json\/wp\/v2\/product_tag?post=130109"}],"curies":[{"name":"wp","href":"https:\/\/api.w.org\/{rel}","templated":true}]}}