{"id":136896,"date":"2025-04-11T11:12:19","date_gmt":"2025-04-11T09:12:19","guid":{"rendered":"https:\/\/popermint.com\/?post_type=product&#038;p=136896"},"modified":"2025-06-05T14:26:46","modified_gmt":"2025-06-05T12:26:46","slug":"torbica-za-cez-ramo-nurrin-dusty-pink","status":"publish","type":"product","link":"https:\/\/popermint.com\/sl\/torbica-za-cez-ramo-nurrin-dusty-pink\/","title":{"rendered":"Torbica za \u010dez ramo Nurrin Dusty Pink"},"content":{"rendered":"","protected":false},"excerpt":{"rendered":"<p>Torbica za \u010dez ramo Nurrin blagovne znamke Barts je popoln poletni dodatek za va\u0161e mestne izlete ali pla\u017ene dni. S svojim lahkotnim dizajnom omogo\u010da enostavno no\u0161enje med vro\u010dimi dnevi.<\/p>\n","protected":false},"featured_media":136803,"template":"","meta":[],"product_brand":[],"product_cat":[845,936],"product_tag":[],"class_list":{"0":"post-136896","1":"product","2":"type-product","3":"status-publish","4":"has-post-thumbnail","6":"product_cat-barts-poletje","7":"product_cat-torbe-barts-poletje","9":"first","10":"outofstock","11":"taxable","12":"shipping-taxable","13":"purchasable","14":"product-type-simple"},"_links":{"self":[{"href":"https:\/\/popermint.com\/sl\/wp-json\/wp\/v2\/product\/136896","targetHints":{"allow":["GET"]}}],"collection":[{"href":"https:\/\/popermint.com\/sl\/wp-json\/wp\/v2\/product"}],"about":[{"href":"https:\/\/popermint.com\/sl\/wp-json\/wp\/v2\/types\/product"}],"wp:featuredmedia":[{"embeddable":true,"href":"https:\/\/popermint.com\/sl\/wp-json\/wp\/v2\/media\/136803"}],"wp:attachment":[{"href":"https:\/\/popermint.com\/sl\/wp-json\/wp\/v2\/media?parent=136896"}],"wp:term":[{"taxonomy":"product_brand","embeddable":true,"href":"https:\/\/popermint.com\/sl\/wp-json\/wp\/v2\/product_brand?post=136896"},{"taxonomy":"product_cat","embeddable":true,"href":"https:\/\/popermint.com\/sl\/wp-json\/wp\/v2\/product_cat?post=136896"},{"taxonomy":"product_tag","embeddable":true,"href":"https:\/\/popermint.com\/sl\/wp-json\/wp\/v2\/product_tag?post=136896"}],"curies":[{"name":"wp","href":"https:\/\/api.w.org\/{rel}","templated":true}]}}