{"id":137604,"date":"2025-04-16T19:16:12","date_gmt":"2025-04-16T17:16:12","guid":{"rendered":"https:\/\/popermint.com\/?post_type=product&#038;p=137604"},"modified":"2025-04-16T19:48:04","modified_gmt":"2025-04-16T17:48:04","slug":"obesek-za-kljuce-astronavt","status":"publish","type":"product","link":"https:\/\/popermint.com\/sl\/obesek-za-kljuce-astronavt\/","title":{"rendered":"Obesek za klju\u010de Astronavt"},"content":{"rendered":"","protected":false},"excerpt":{"rendered":"<p>Obeski Metalmorphose so unikatno oblikovani dodatki, ki izra\u017eajo va\u0161 osebni stil. Izdelani so iz kakovostnih, trpe\u017enih materialov in dovr\u0161eni z detajli, ki pritegnejo pozornost. Popolni so za klju\u010de, torbice ali kot izvirno darilo. Popestrite svoj vsakdan z dodatkom, ki izstopa.<\/p>\n","protected":false},"featured_media":137419,"template":"","meta":[],"product_brand":[],"product_cat":[929],"product_tag":[],"class_list":{"0":"post-137604","1":"product","2":"type-product","3":"status-publish","4":"has-post-thumbnail","6":"product_cat-metalmorphose-obeski-za-kljuce","8":"first","9":"instock","10":"taxable","11":"shipping-taxable","12":"purchasable","13":"product-type-simple"},"_links":{"self":[{"href":"https:\/\/popermint.com\/sl\/wp-json\/wp\/v2\/product\/137604","targetHints":{"allow":["GET"]}}],"collection":[{"href":"https:\/\/popermint.com\/sl\/wp-json\/wp\/v2\/product"}],"about":[{"href":"https:\/\/popermint.com\/sl\/wp-json\/wp\/v2\/types\/product"}],"wp:featuredmedia":[{"embeddable":true,"href":"https:\/\/popermint.com\/sl\/wp-json\/wp\/v2\/media\/137419"}],"wp:attachment":[{"href":"https:\/\/popermint.com\/sl\/wp-json\/wp\/v2\/media?parent=137604"}],"wp:term":[{"taxonomy":"product_brand","embeddable":true,"href":"https:\/\/popermint.com\/sl\/wp-json\/wp\/v2\/product_brand?post=137604"},{"taxonomy":"product_cat","embeddable":true,"href":"https:\/\/popermint.com\/sl\/wp-json\/wp\/v2\/product_cat?post=137604"},{"taxonomy":"product_tag","embeddable":true,"href":"https:\/\/popermint.com\/sl\/wp-json\/wp\/v2\/product_tag?post=137604"}],"curies":[{"name":"wp","href":"https:\/\/api.w.org\/{rel}","templated":true}]}}