{"id":137967,"date":"2025-04-18T15:00:27","date_gmt":"2025-04-18T13:00:27","guid":{"rendered":"https:\/\/popermint.com\/?post_type=product&#038;p=137967"},"modified":"2026-03-13T17:26:51","modified_gmt":"2026-03-13T16:26:51","slug":"home-cat-i","status":"publish","type":"product","link":"https:\/\/popermint.com\/sl\/home-cat-i\/","title":{"rendered":"Home Cat I"},"content":{"rendered":"","protected":false},"excerpt":{"rendered":"<p>\u017denske kratke nogavi\u010dke do gle\u017enjev so udobna in zra\u010dna izbira za spomladanske in poletne dni. \u017divahni motivi, ki bodo kukali iz va\u0161e obutve, bodo dodali piko na i va\u0161im modnim kombinacijam.<br \/>\n<strong>Velikost: 36-40<\/strong><\/p>\n","protected":false},"featured_media":137929,"template":"","meta":[],"product_brand":[],"product_cat":[330,335,352],"product_tag":[],"class_list":{"0":"post-137967","1":"product","2":"type-product","3":"status-publish","4":"has-post-thumbnail","6":"product_cat-nogavice-wigglesteps","7":"product_cat-zenske-nogavice-wigglesteps","8":"product_cat-kratke-nogavice-zenske-nogavice-wigglesteps","10":"first","11":"outofstock","12":"taxable","13":"shipping-taxable","14":"purchasable","15":"product-type-simple"},"_links":{"self":[{"href":"https:\/\/popermint.com\/sl\/wp-json\/wp\/v2\/product\/137967","targetHints":{"allow":["GET"]}}],"collection":[{"href":"https:\/\/popermint.com\/sl\/wp-json\/wp\/v2\/product"}],"about":[{"href":"https:\/\/popermint.com\/sl\/wp-json\/wp\/v2\/types\/product"}],"wp:featuredmedia":[{"embeddable":true,"href":"https:\/\/popermint.com\/sl\/wp-json\/wp\/v2\/media\/137929"}],"wp:attachment":[{"href":"https:\/\/popermint.com\/sl\/wp-json\/wp\/v2\/media?parent=137967"}],"wp:term":[{"taxonomy":"product_brand","embeddable":true,"href":"https:\/\/popermint.com\/sl\/wp-json\/wp\/v2\/product_brand?post=137967"},{"taxonomy":"product_cat","embeddable":true,"href":"https:\/\/popermint.com\/sl\/wp-json\/wp\/v2\/product_cat?post=137967"},{"taxonomy":"product_tag","embeddable":true,"href":"https:\/\/popermint.com\/sl\/wp-json\/wp\/v2\/product_tag?post=137967"}],"curies":[{"name":"wp","href":"https:\/\/api.w.org\/{rel}","templated":true}]}}