{"id":138046,"date":"2025-04-18T15:46:18","date_gmt":"2025-04-18T13:46:18","guid":{"rendered":"https:\/\/popermint.com\/?post_type=product&#038;p=138046"},"modified":"2026-01-12T16:27:02","modified_gmt":"2026-01-12T15:27:02","slug":"rich-life-i-2","status":"publish","type":"product","link":"https:\/\/popermint.com\/sl\/rich-life-i-2\/","title":{"rendered":"Rich Life I"},"content":{"rendered":"","protected":false},"excerpt":{"rendered":"<p>Mo\u0161ke kratke nogavice do gle\u017enjev so udobna in zra\u010dna izbira za spomladanske in poletne dni. Motivi, ki bodo kukali iz va\u0161e najljub\u0161e obutve, so odli\u010dna popestritev za vsakodnevne ali formalnej\u0161e modne kombinacije. <br \/><strong>Velikost: 41-46<\/strong><\/p>\n","protected":false},"featured_media":138002,"template":"","meta":[],"product_brand":[],"product_cat":[330,331,345],"product_tag":[],"class_list":{"0":"post-138046","1":"product","2":"type-product","3":"status-publish","4":"has-post-thumbnail","6":"product_cat-nogavice-wigglesteps","7":"product_cat-moske-nogavice","8":"product_cat-kratke-nogavice","10":"first","11":"instock","12":"taxable","13":"shipping-taxable","14":"purchasable","15":"product-type-simple"},"_links":{"self":[{"href":"https:\/\/popermint.com\/sl\/wp-json\/wp\/v2\/product\/138046","targetHints":{"allow":["GET"]}}],"collection":[{"href":"https:\/\/popermint.com\/sl\/wp-json\/wp\/v2\/product"}],"about":[{"href":"https:\/\/popermint.com\/sl\/wp-json\/wp\/v2\/types\/product"}],"wp:featuredmedia":[{"embeddable":true,"href":"https:\/\/popermint.com\/sl\/wp-json\/wp\/v2\/media\/138002"}],"wp:attachment":[{"href":"https:\/\/popermint.com\/sl\/wp-json\/wp\/v2\/media?parent=138046"}],"wp:term":[{"taxonomy":"product_brand","embeddable":true,"href":"https:\/\/popermint.com\/sl\/wp-json\/wp\/v2\/product_brand?post=138046"},{"taxonomy":"product_cat","embeddable":true,"href":"https:\/\/popermint.com\/sl\/wp-json\/wp\/v2\/product_cat?post=138046"},{"taxonomy":"product_tag","embeddable":true,"href":"https:\/\/popermint.com\/sl\/wp-json\/wp\/v2\/product_tag?post=138046"}],"curies":[{"name":"wp","href":"https:\/\/api.w.org\/{rel}","templated":true}]}}