{"id":138967,"date":"2025-04-24T08:27:59","date_gmt":"2025-04-24T06:27:59","guid":{"rendered":"https:\/\/popermint.com\/?post_type=product&#038;p=138967"},"modified":"2025-12-16T17:54:01","modified_gmt":"2025-12-16T16:54:01","slug":"tote-olive-dots","status":"publish","type":"product","link":"https:\/\/popermint.com\/sl\/tote-olive-dots\/","title":{"rendered":"Tote Olive Dots"},"content":{"rendered":"","protected":false},"excerpt":{"rendered":"<p>Notabag Tote je zlo\u017eljiva nakupovalna torba, narejena iz recikliranih plasti\u010dnih fla\u0161. Odlikujeta jo izredna vzdr\u017eljivost in vodoodbojen material. Poleg tega se zlo\u017ei v svoj lasten \u017eep in jo tako z lahkoto pospravite v svojo torbico.<\/p>\n","protected":false},"featured_media":138940,"template":"","meta":[],"product_brand":[],"product_cat":[518,741],"product_tag":[],"class_list":{"0":"post-138967","1":"product","2":"type-product","3":"status-publish","4":"has-post-thumbnail","6":"product_cat-notabag","7":"product_cat-tote-bag-sl","9":"first","10":"instock","11":"taxable","12":"shipping-taxable","13":"purchasable","14":"product-type-simple"},"_links":{"self":[{"href":"https:\/\/popermint.com\/sl\/wp-json\/wp\/v2\/product\/138967","targetHints":{"allow":["GET"]}}],"collection":[{"href":"https:\/\/popermint.com\/sl\/wp-json\/wp\/v2\/product"}],"about":[{"href":"https:\/\/popermint.com\/sl\/wp-json\/wp\/v2\/types\/product"}],"wp:featuredmedia":[{"embeddable":true,"href":"https:\/\/popermint.com\/sl\/wp-json\/wp\/v2\/media\/138940"}],"wp:attachment":[{"href":"https:\/\/popermint.com\/sl\/wp-json\/wp\/v2\/media?parent=138967"}],"wp:term":[{"taxonomy":"product_brand","embeddable":true,"href":"https:\/\/popermint.com\/sl\/wp-json\/wp\/v2\/product_brand?post=138967"},{"taxonomy":"product_cat","embeddable":true,"href":"https:\/\/popermint.com\/sl\/wp-json\/wp\/v2\/product_cat?post=138967"},{"taxonomy":"product_tag","embeddable":true,"href":"https:\/\/popermint.com\/sl\/wp-json\/wp\/v2\/product_tag?post=138967"}],"curies":[{"name":"wp","href":"https:\/\/api.w.org\/{rel}","templated":true}]}}