{"id":139295,"date":"2025-05-12T13:34:56","date_gmt":"2025-05-12T11:34:56","guid":{"rendered":"https:\/\/popermint.com\/?post_type=product&#038;p=139295"},"modified":"2026-03-18T11:03:04","modified_gmt":"2026-03-18T10:03:04","slug":"black-leo-3","status":"publish","type":"product","link":"https:\/\/popermint.com\/sl\/black-leo-3\/","title":{"rendered":"Black Leo"},"content":{"rendered":"","protected":false},"excerpt":{"rendered":"<p>\u017denske stopalke, izdelane s patentirano Dry Touch tehnologijo, vam bodo nudile maksimalno udobje tudi v toplej\u0161ih dneh, saj nudijo popoln oprijem stopala, udobje in zra\u010dnost. <br \/><strong>Velikost: 36-40<\/strong><\/p>\n","protected":false},"featured_media":139234,"template":"","meta":[],"product_brand":[],"product_cat":[330,335,336],"product_tag":[],"class_list":{"0":"post-139295","1":"product","2":"type-product","3":"status-publish","4":"has-post-thumbnail","6":"product_cat-nogavice-wigglesteps","7":"product_cat-zenske-nogavice-wigglesteps","8":"product_cat-stopalke","10":"first","11":"instock","12":"taxable","13":"shipping-taxable","14":"purchasable","15":"product-type-simple"},"_links":{"self":[{"href":"https:\/\/popermint.com\/sl\/wp-json\/wp\/v2\/product\/139295","targetHints":{"allow":["GET"]}}],"collection":[{"href":"https:\/\/popermint.com\/sl\/wp-json\/wp\/v2\/product"}],"about":[{"href":"https:\/\/popermint.com\/sl\/wp-json\/wp\/v2\/types\/product"}],"wp:featuredmedia":[{"embeddable":true,"href":"https:\/\/popermint.com\/sl\/wp-json\/wp\/v2\/media\/139234"}],"wp:attachment":[{"href":"https:\/\/popermint.com\/sl\/wp-json\/wp\/v2\/media?parent=139295"}],"wp:term":[{"taxonomy":"product_brand","embeddable":true,"href":"https:\/\/popermint.com\/sl\/wp-json\/wp\/v2\/product_brand?post=139295"},{"taxonomy":"product_cat","embeddable":true,"href":"https:\/\/popermint.com\/sl\/wp-json\/wp\/v2\/product_cat?post=139295"},{"taxonomy":"product_tag","embeddable":true,"href":"https:\/\/popermint.com\/sl\/wp-json\/wp\/v2\/product_tag?post=139295"}],"curies":[{"name":"wp","href":"https:\/\/api.w.org\/{rel}","templated":true}]}}