{"id":145380,"date":"2025-05-21T12:39:25","date_gmt":"2025-05-21T10:39:25","guid":{"rendered":"https:\/\/popermint.com\/?post_type=product&#038;p=145380"},"modified":"2025-12-11T15:45:47","modified_gmt":"2025-12-11T14:45:47","slug":"cherry-baby","status":"publish","type":"product","link":"https:\/\/popermint.com\/sl\/cherry-baby\/","title":{"rendered":"Cherry Baby"},"content":{"rendered":"","protected":false},"excerpt":{"rendered":"<p>Eat My Socks so zabavne in pisane nogavice, ki prina\u0161ajo veselje v vsakdan. Unikatne in izvirne dizajne navdihujejo pop kultura, umetnost in narava. Izdelane iz kakovostnih materialov, udobne, trpe\u017ene in pakirane v privla\u010dni embala\u017ei. Popolna izbira za tiste, ki \u017eelijo izraziti svojo osebnost in stil skozi modni dodatek. Univerzalna velikost: 36 &#8211; 45.<\/p>\n","protected":false},"featured_media":145361,"template":"","meta":[],"product_brand":[],"product_cat":[864,933],"product_tag":[],"class_list":{"0":"post-145380","1":"product","2":"type-product","3":"status-publish","4":"has-post-thumbnail","6":"product_cat-eat-my-socks-nogavice-in-sponke","7":"product_cat-nogavice-eat-my-socks","9":"first","10":"instock","11":"taxable","12":"shipping-taxable","13":"purchasable","14":"product-type-simple"},"_links":{"self":[{"href":"https:\/\/popermint.com\/sl\/wp-json\/wp\/v2\/product\/145380","targetHints":{"allow":["GET"]}}],"collection":[{"href":"https:\/\/popermint.com\/sl\/wp-json\/wp\/v2\/product"}],"about":[{"href":"https:\/\/popermint.com\/sl\/wp-json\/wp\/v2\/types\/product"}],"wp:featuredmedia":[{"embeddable":true,"href":"https:\/\/popermint.com\/sl\/wp-json\/wp\/v2\/media\/145361"}],"wp:attachment":[{"href":"https:\/\/popermint.com\/sl\/wp-json\/wp\/v2\/media?parent=145380"}],"wp:term":[{"taxonomy":"product_brand","embeddable":true,"href":"https:\/\/popermint.com\/sl\/wp-json\/wp\/v2\/product_brand?post=145380"},{"taxonomy":"product_cat","embeddable":true,"href":"https:\/\/popermint.com\/sl\/wp-json\/wp\/v2\/product_cat?post=145380"},{"taxonomy":"product_tag","embeddable":true,"href":"https:\/\/popermint.com\/sl\/wp-json\/wp\/v2\/product_tag?post=145380"}],"curies":[{"name":"wp","href":"https:\/\/api.w.org\/{rel}","templated":true}]}}