{"id":145388,"date":"2025-05-21T12:45:54","date_gmt":"2025-05-21T10:45:54","guid":{"rendered":"https:\/\/popermint.com\/?post_type=product&#038;p=145388"},"modified":"2026-04-03T12:28:15","modified_gmt":"2026-04-03T10:28:15","slug":"sponka-za-lase-cat","status":"publish","type":"product","link":"https:\/\/popermint.com\/sl\/sponka-za-lase-cat\/","title":{"rendered":"Sponka za lase Cat"},"content":{"rendered":"","protected":false},"excerpt":{"rendered":"<p>Eat My Socks sponke za lase so domiselni modni dodatki, ki zdru\u017eujejo funkcionalnost s kan\u010dkom zabave. Sodobni dizajni v nepri\u010dakovanih oblikah pritegnejo pozornost in dodajo karakter vsaki pri\u010deski.<\/p>\n","protected":false},"featured_media":145335,"template":"","meta":[],"product_brand":[],"product_cat":[864,931,990],"product_tag":[],"class_list":{"0":"post-145388","1":"product","2":"type-product","3":"status-publish","4":"has-post-thumbnail","6":"product_cat-eat-my-socks-nogavice-in-sponke","7":"product_cat-sponke-za-lase-eat-my-socks","8":"product_cat-izbor-tedna","10":"first","11":"instock","12":"taxable","13":"shipping-taxable","14":"purchasable","15":"product-type-simple"},"_links":{"self":[{"href":"https:\/\/popermint.com\/sl\/wp-json\/wp\/v2\/product\/145388","targetHints":{"allow":["GET"]}}],"collection":[{"href":"https:\/\/popermint.com\/sl\/wp-json\/wp\/v2\/product"}],"about":[{"href":"https:\/\/popermint.com\/sl\/wp-json\/wp\/v2\/types\/product"}],"wp:featuredmedia":[{"embeddable":true,"href":"https:\/\/popermint.com\/sl\/wp-json\/wp\/v2\/media\/145335"}],"wp:attachment":[{"href":"https:\/\/popermint.com\/sl\/wp-json\/wp\/v2\/media?parent=145388"}],"wp:term":[{"taxonomy":"product_brand","embeddable":true,"href":"https:\/\/popermint.com\/sl\/wp-json\/wp\/v2\/product_brand?post=145388"},{"taxonomy":"product_cat","embeddable":true,"href":"https:\/\/popermint.com\/sl\/wp-json\/wp\/v2\/product_cat?post=145388"},{"taxonomy":"product_tag","embeddable":true,"href":"https:\/\/popermint.com\/sl\/wp-json\/wp\/v2\/product_tag?post=145388"}],"curies":[{"name":"wp","href":"https:\/\/api.w.org\/{rel}","templated":true}]}}