{"id":147204,"date":"2025-06-06T13:09:23","date_gmt":"2025-06-06T11:09:23","guid":{"rendered":"https:\/\/popermint.com\/?post_type=product&#038;p=147204"},"modified":"2025-06-06T13:19:57","modified_gmt":"2025-06-06T11:19:57","slug":"termovka-aerolight-transit-cream-gloss-0-6-l","status":"publish","type":"product","link":"https:\/\/popermint.com\/sl\/termovka-aerolight-transit-cream-gloss-0-6-l\/","title":{"rendered":"Termovka AeroLight Transit Cream Gloss 0.6 L"},"content":{"rendered":"","protected":false},"excerpt":{"rendered":"<p>Termovka Aerolight Transit je zasnovana tako, da je lahka, ne da bi ogrozila \u017eeleno temperaturo teko\u010dine. Ohranja va\u0161o pija\u010do toplo 6 ur ali hladno 8 ur. Je neprepustna, s pokrovom, ki se lahko zaklene in omogo\u010da pitje. To pomeni, da vam ni treba skrbeti za razlitja, ko termovko vr\u017eete v torbo in sko\u010dite na primestni vlak ali za\u010dnete z vadbo. So 33 % la\u017eji od Stanleyjeve standardne kovinske termovke za pija\u010do iz nerjave\u010dega jekla.<\/p>\n","protected":false},"featured_media":147182,"template":"","meta":[],"product_brand":[],"product_cat":[873],"product_tag":[],"class_list":{"0":"post-147204","1":"product","2":"type-product","3":"status-publish","4":"has-post-thumbnail","6":"product_cat-stanley-termovke","8":"first","9":"outofstock","10":"taxable","11":"shipping-taxable","12":"purchasable","13":"product-type-simple"},"_links":{"self":[{"href":"https:\/\/popermint.com\/sl\/wp-json\/wp\/v2\/product\/147204","targetHints":{"allow":["GET"]}}],"collection":[{"href":"https:\/\/popermint.com\/sl\/wp-json\/wp\/v2\/product"}],"about":[{"href":"https:\/\/popermint.com\/sl\/wp-json\/wp\/v2\/types\/product"}],"wp:featuredmedia":[{"embeddable":true,"href":"https:\/\/popermint.com\/sl\/wp-json\/wp\/v2\/media\/147182"}],"wp:attachment":[{"href":"https:\/\/popermint.com\/sl\/wp-json\/wp\/v2\/media?parent=147204"}],"wp:term":[{"taxonomy":"product_brand","embeddable":true,"href":"https:\/\/popermint.com\/sl\/wp-json\/wp\/v2\/product_brand?post=147204"},{"taxonomy":"product_cat","embeddable":true,"href":"https:\/\/popermint.com\/sl\/wp-json\/wp\/v2\/product_cat?post=147204"},{"taxonomy":"product_tag","embeddable":true,"href":"https:\/\/popermint.com\/sl\/wp-json\/wp\/v2\/product_tag?post=147204"}],"curies":[{"name":"wp","href":"https:\/\/api.w.org\/{rel}","templated":true}]}}