{"id":154829,"date":"2025-09-15T15:27:17","date_gmt":"2025-09-15T13:27:17","guid":{"rendered":"https:\/\/popermint.com\/?post_type=product&#038;p=154829"},"modified":"2025-09-15T15:58:27","modified_gmt":"2025-09-15T13:58:27","slug":"pahljaca-lunar-ballet","status":"publish","type":"product","link":"https:\/\/popermint.com\/sl\/pahljaca-lunar-ballet\/","title":{"rendered":"Pahlja\u010da Lunar Ballet"},"content":{"rendered":"","protected":false},"excerpt":{"rendered":"<p>A FAN OF\u00a0je blagovna znamka pahlja\u010d in poklon temu fascinantnemu predmetu v njegovi obliki in funkciji, uporabljenemu skozi stoletja. Znamka a Fan of predstalja sodobno vizijo z dizajni, ki slavijo obrt, barve in vzorce. Pahlja\u010de so narejene iz naravnih materialov (bomba\u017ea, lesa, svile), barvane z ekolo\u0161kimi barvami, brez lakov. Ro\u010dno izdelane so v \u0160paniji. Les je bru\u0161en in ro\u010dno sestavljen s tkanino, kar naredi vsak kos edinstven. <\/p>\n","protected":false},"featured_media":154784,"template":"","meta":[],"product_brand":[],"product_cat":[957],"product_tag":[],"class_list":{"0":"post-154829","1":"product","2":"type-product","3":"status-publish","4":"has-post-thumbnail","6":"product_cat-a-fan-of-pahljace","8":"first","9":"instock","10":"taxable","11":"shipping-taxable","12":"purchasable","13":"product-type-simple"},"_links":{"self":[{"href":"https:\/\/popermint.com\/sl\/wp-json\/wp\/v2\/product\/154829","targetHints":{"allow":["GET"]}}],"collection":[{"href":"https:\/\/popermint.com\/sl\/wp-json\/wp\/v2\/product"}],"about":[{"href":"https:\/\/popermint.com\/sl\/wp-json\/wp\/v2\/types\/product"}],"wp:featuredmedia":[{"embeddable":true,"href":"https:\/\/popermint.com\/sl\/wp-json\/wp\/v2\/media\/154784"}],"wp:attachment":[{"href":"https:\/\/popermint.com\/sl\/wp-json\/wp\/v2\/media?parent=154829"}],"wp:term":[{"taxonomy":"product_brand","embeddable":true,"href":"https:\/\/popermint.com\/sl\/wp-json\/wp\/v2\/product_brand?post=154829"},{"taxonomy":"product_cat","embeddable":true,"href":"https:\/\/popermint.com\/sl\/wp-json\/wp\/v2\/product_cat?post=154829"},{"taxonomy":"product_tag","embeddable":true,"href":"https:\/\/popermint.com\/sl\/wp-json\/wp\/v2\/product_tag?post=154829"}],"curies":[{"name":"wp","href":"https:\/\/api.w.org\/{rel}","templated":true}]}}