{"id":155550,"date":"2025-09-19T10:15:38","date_gmt":"2025-09-19T08:15:38","guid":{"rendered":"https:\/\/popermint.com\/?post_type=product&#038;p=155550"},"modified":"2025-10-21T10:19:03","modified_gmt":"2025-10-21T08:19:03","slug":"bralna-ocala-d-reading-chapters-moonlight-grey","status":"publish","type":"product","link":"https:\/\/popermint.com\/sl\/bralna-ocala-d-reading-chapters-moonlight-grey\/","title":{"rendered":"Bralna o\u010dala #D Reading Chapters Moonlight Grey"},"content":{"rendered":"","protected":false},"excerpt":{"rendered":"<p>Bralna o\u010dala &#8211; #D CHAPTERS: mehka, zaobljena, v vintage slogu. Bralna o\u010dala za presbiopijo (starostno daljnovidnost). Sijajen zaklju\u010dek okvirja za \u010dist, moderen videz. Material na biolo\u0161ki osnovi (G850) \u2013 lahek in trpe\u017een. Unisex in univerzalno prileganje. Pristajajo vsem oblikam obraza<\/p>\n","protected":false},"featured_media":155445,"template":"","meta":[],"product_brand":[],"product_cat":[923,924],"product_tag":[],"class_list":{"0":"post-155550","1":"product","2":"type-product","3":"status-publish","4":"has-post-thumbnail","6":"product_cat-izipizi-ocala","7":"product_cat-bralna-ocala-izipizi","9":"first","10":"instock","11":"taxable","12":"shipping-taxable","13":"purchasable","14":"product-type-variable"},"_links":{"self":[{"href":"https:\/\/popermint.com\/sl\/wp-json\/wp\/v2\/product\/155550","targetHints":{"allow":["GET"]}}],"collection":[{"href":"https:\/\/popermint.com\/sl\/wp-json\/wp\/v2\/product"}],"about":[{"href":"https:\/\/popermint.com\/sl\/wp-json\/wp\/v2\/types\/product"}],"wp:featuredmedia":[{"embeddable":true,"href":"https:\/\/popermint.com\/sl\/wp-json\/wp\/v2\/media\/155445"}],"wp:attachment":[{"href":"https:\/\/popermint.com\/sl\/wp-json\/wp\/v2\/media?parent=155550"}],"wp:term":[{"taxonomy":"product_brand","embeddable":true,"href":"https:\/\/popermint.com\/sl\/wp-json\/wp\/v2\/product_brand?post=155550"},{"taxonomy":"product_cat","embeddable":true,"href":"https:\/\/popermint.com\/sl\/wp-json\/wp\/v2\/product_cat?post=155550"},{"taxonomy":"product_tag","embeddable":true,"href":"https:\/\/popermint.com\/sl\/wp-json\/wp\/v2\/product_tag?post=155550"}],"curies":[{"name":"wp","href":"https:\/\/api.w.org\/{rel}","templated":true}]}}