{"id":155553,"date":"2025-09-19T10:15:39","date_gmt":"2025-09-19T08:15:39","guid":{"rendered":"https:\/\/popermint.com\/?post_type=product&#038;p=155553"},"modified":"2025-10-21T10:18:00","modified_gmt":"2025-10-21T08:18:00","slug":"bralna-ocala-e-reading-chapters-light-marble","status":"publish","type":"product","link":"https:\/\/popermint.com\/sl\/bralna-ocala-e-reading-chapters-light-marble\/","title":{"rendered":"Bralna o\u010dala #E Reading Chapters Light Marble"},"content":{"rendered":"","protected":false},"excerpt":{"rendered":"<p>Bralna o\u010dala &#8211; #E CHAPTERS: trapezoidna, strukturirana, moderna in samozavestna. Bralna o\u010dala za presbiopijo (starostno daljnovidnost). Sijajen zaklju\u010dek okvirja za \u010dist, poliran videz. Material na biolo\u0161ki osnovi (G850) \u2013 lahek in trpe\u017een. Unisex in univerzalno prileganje.<\/p>\n","protected":false},"featured_media":155467,"template":"","meta":[],"product_brand":[],"product_cat":[923,924],"product_tag":[],"class_list":{"0":"post-155553","1":"product","2":"type-product","3":"status-publish","4":"has-post-thumbnail","6":"product_cat-izipizi-ocala","7":"product_cat-bralna-ocala-izipizi","9":"first","10":"instock","11":"taxable","12":"shipping-taxable","13":"purchasable","14":"product-type-variable"},"_links":{"self":[{"href":"https:\/\/popermint.com\/sl\/wp-json\/wp\/v2\/product\/155553","targetHints":{"allow":["GET"]}}],"collection":[{"href":"https:\/\/popermint.com\/sl\/wp-json\/wp\/v2\/product"}],"about":[{"href":"https:\/\/popermint.com\/sl\/wp-json\/wp\/v2\/types\/product"}],"wp:featuredmedia":[{"embeddable":true,"href":"https:\/\/popermint.com\/sl\/wp-json\/wp\/v2\/media\/155467"}],"wp:attachment":[{"href":"https:\/\/popermint.com\/sl\/wp-json\/wp\/v2\/media?parent=155553"}],"wp:term":[{"taxonomy":"product_brand","embeddable":true,"href":"https:\/\/popermint.com\/sl\/wp-json\/wp\/v2\/product_brand?post=155553"},{"taxonomy":"product_cat","embeddable":true,"href":"https:\/\/popermint.com\/sl\/wp-json\/wp\/v2\/product_cat?post=155553"},{"taxonomy":"product_tag","embeddable":true,"href":"https:\/\/popermint.com\/sl\/wp-json\/wp\/v2\/product_tag?post=155553"}],"curies":[{"name":"wp","href":"https:\/\/api.w.org\/{rel}","templated":true}]}}