{"id":155579,"date":"2025-09-19T10:16:15","date_gmt":"2025-09-19T08:16:15","guid":{"rendered":"https:\/\/popermint.com\/?post_type=product&#038;p=155579"},"modified":"2026-03-06T15:22:28","modified_gmt":"2026-03-06T14:22:28","slug":"soncna-ocala-d-sun-chapters-moonlight-grey","status":"publish","type":"product","link":"https:\/\/popermint.com\/sl\/soncna-ocala-d-sun-chapters-moonlight-grey\/","title":{"rendered":"Son\u010dna o\u010dala #D Sun Chapters Moonlight Grey"},"content":{"rendered":"","protected":false},"excerpt":{"rendered":"<p>Son\u010dna o\u010dala &#8211; #D CHAPTERS: mehka in brez\u010dasna (oblika). Son\u010dna o\u010dala s 100 % UV-za\u0161\u010dito in le\u010dami kategorije 3. Sijajen zaklju\u010dek okvirja za \u017eivahen, poliran videz. Material na biolo\u0161ki osnovi (G850) \u2013 lahek in trpe\u017een. Unisex in univerzalno prileganje.<\/p>\n","protected":false},"featured_media":155523,"template":"","meta":[],"product_brand":[],"product_cat":[923,925],"product_tag":[],"class_list":{"0":"post-155579","1":"product","2":"type-product","3":"status-publish","4":"has-post-thumbnail","6":"product_cat-izipizi-ocala","7":"product_cat-soncna-ocala-izipizi","9":"first","10":"instock","11":"taxable","12":"shipping-taxable","13":"purchasable","14":"product-type-simple"},"_links":{"self":[{"href":"https:\/\/popermint.com\/sl\/wp-json\/wp\/v2\/product\/155579","targetHints":{"allow":["GET"]}}],"collection":[{"href":"https:\/\/popermint.com\/sl\/wp-json\/wp\/v2\/product"}],"about":[{"href":"https:\/\/popermint.com\/sl\/wp-json\/wp\/v2\/types\/product"}],"wp:featuredmedia":[{"embeddable":true,"href":"https:\/\/popermint.com\/sl\/wp-json\/wp\/v2\/media\/155523"}],"wp:attachment":[{"href":"https:\/\/popermint.com\/sl\/wp-json\/wp\/v2\/media?parent=155579"}],"wp:term":[{"taxonomy":"product_brand","embeddable":true,"href":"https:\/\/popermint.com\/sl\/wp-json\/wp\/v2\/product_brand?post=155579"},{"taxonomy":"product_cat","embeddable":true,"href":"https:\/\/popermint.com\/sl\/wp-json\/wp\/v2\/product_cat?post=155579"},{"taxonomy":"product_tag","embeddable":true,"href":"https:\/\/popermint.com\/sl\/wp-json\/wp\/v2\/product_tag?post=155579"}],"curies":[{"name":"wp","href":"https:\/\/api.w.org\/{rel}","templated":true}]}}