{"id":156019,"date":"2025-09-23T11:40:59","date_gmt":"2025-09-23T09:40:59","guid":{"rendered":"https:\/\/popermint.com\/?post_type=product&#038;p=156019"},"modified":"2026-03-02T08:49:30","modified_gmt":"2026-03-02T07:49:30","slug":"toaletna-torba-blush-leopard","status":"publish","type":"product","link":"https:\/\/popermint.com\/sl\/toaletna-torba-blush-leopard\/","title":{"rendered":"Toaletna torba Blush Leopard"},"content":{"rendered":"","protected":false},"excerpt":{"rendered":"<p>Blush Leopard Toiletry Bag je edinstvena in prakti\u010dna toaletna torba blagovne znamke Wouf. Torba je izdelana iz kakovostnega materiala in ponuja dovolj prostora za shranjevanje va\u0161ih kozmeti\u010dnih izdelkov in drugih predmetov, ki jih potrebujete na poti. Kompaktna in priro\u010dna zasnova torbice omogo\u010da enostavno prena\u0161anje, hkrati pa zagotavlja, da bodo va\u0161e toaletne potreb\u0161\u010dine varne in organizirane.<\/p>\n","protected":false},"featured_media":155926,"template":"","meta":[],"product_brand":[],"product_cat":[780],"product_tag":[],"class_list":{"0":"post-156019","1":"product","2":"type-product","3":"status-publish","4":"has-post-thumbnail","6":"product_cat-wouf","8":"first","9":"outofstock","10":"taxable","11":"shipping-taxable","12":"purchasable","13":"product-type-simple"},"_links":{"self":[{"href":"https:\/\/popermint.com\/sl\/wp-json\/wp\/v2\/product\/156019","targetHints":{"allow":["GET"]}}],"collection":[{"href":"https:\/\/popermint.com\/sl\/wp-json\/wp\/v2\/product"}],"about":[{"href":"https:\/\/popermint.com\/sl\/wp-json\/wp\/v2\/types\/product"}],"wp:featuredmedia":[{"embeddable":true,"href":"https:\/\/popermint.com\/sl\/wp-json\/wp\/v2\/media\/155926"}],"wp:attachment":[{"href":"https:\/\/popermint.com\/sl\/wp-json\/wp\/v2\/media?parent=156019"}],"wp:term":[{"taxonomy":"product_brand","embeddable":true,"href":"https:\/\/popermint.com\/sl\/wp-json\/wp\/v2\/product_brand?post=156019"},{"taxonomy":"product_cat","embeddable":true,"href":"https:\/\/popermint.com\/sl\/wp-json\/wp\/v2\/product_cat?post=156019"},{"taxonomy":"product_tag","embeddable":true,"href":"https:\/\/popermint.com\/sl\/wp-json\/wp\/v2\/product_tag?post=156019"}],"curies":[{"name":"wp","href":"https:\/\/api.w.org\/{rel}","templated":true}]}}