{"id":156432,"date":"2025-09-26T11:07:25","date_gmt":"2025-09-26T09:07:25","guid":{"rendered":"https:\/\/popermint.com\/?post_type=product&#038;p=156432"},"modified":"2025-11-21T13:31:01","modified_gmt":"2025-11-21T12:31:01","slug":"kapa-systa-cap-brown","status":"publish","type":"product","link":"https:\/\/popermint.com\/sl\/kapa-systa-cap-brown\/","title":{"rendered":"Kapa Systa Cap Brown"},"content":{"rendered":"","protected":false},"excerpt":{"rendered":"<p>Barts kape so zasnovane z mislijo na udobje in slog ter zdru\u017eujejo toplino z modnim dizajnom. Raznolika ponudba barv, vzorcev in krojev bo navdu\u0161ila vsak modni okus. Narejene iz kakovostnih materialov z natan\u010dno oblikovanimi detajli, nudijo za\u0161\u010dito pred mrazom in modni zimski izgled. <\/p>\n","protected":false},"featured_media":156323,"template":"","meta":[],"product_brand":[],"product_cat":[809,815],"product_tag":[],"class_list":{"0":"post-156432","1":"product","2":"type-product","3":"status-publish","4":"has-post-thumbnail","6":"product_cat-barts","7":"product_cat-kape","9":"first","10":"instock","11":"taxable","12":"shipping-taxable","13":"purchasable","14":"product-type-simple"},"_links":{"self":[{"href":"https:\/\/popermint.com\/sl\/wp-json\/wp\/v2\/product\/156432","targetHints":{"allow":["GET"]}}],"collection":[{"href":"https:\/\/popermint.com\/sl\/wp-json\/wp\/v2\/product"}],"about":[{"href":"https:\/\/popermint.com\/sl\/wp-json\/wp\/v2\/types\/product"}],"wp:featuredmedia":[{"embeddable":true,"href":"https:\/\/popermint.com\/sl\/wp-json\/wp\/v2\/media\/156323"}],"wp:attachment":[{"href":"https:\/\/popermint.com\/sl\/wp-json\/wp\/v2\/media?parent=156432"}],"wp:term":[{"taxonomy":"product_brand","embeddable":true,"href":"https:\/\/popermint.com\/sl\/wp-json\/wp\/v2\/product_brand?post=156432"},{"taxonomy":"product_cat","embeddable":true,"href":"https:\/\/popermint.com\/sl\/wp-json\/wp\/v2\/product_cat?post=156432"},{"taxonomy":"product_tag","embeddable":true,"href":"https:\/\/popermint.com\/sl\/wp-json\/wp\/v2\/product_tag?post=156432"}],"curies":[{"name":"wp","href":"https:\/\/api.w.org\/{rel}","templated":true}]}}