{"id":156442,"date":"2025-09-26T11:07:24","date_gmt":"2025-09-26T09:07:24","guid":{"rendered":"https:\/\/popermint.com\/?post_type=product&#038;p=156442"},"modified":"2025-09-26T13:16:30","modified_gmt":"2025-09-26T11:16:30","slug":"rokavice-yokam-gloves-brown","status":"publish","type":"product","link":"https:\/\/popermint.com\/sl\/rokavice-yokam-gloves-brown\/","title":{"rendered":"Rokavice Yokam Gloves Brown"},"content":{"rendered":"","protected":false},"excerpt":{"rendered":"<p>Barts rokavice so popolna kombinacija topline, udobja in stila za hladne zimske dni. Natan\u010dno oblikovane z uporabo visokokakovostnih materialov, te rokavice zagotavljajo za\u0161\u010dito in eleganten videz. Z bogato paleto barv, vzorcev in detajlov so odli\u010den dodatek va\u0161e zimske garderobe.<\/p>\n","protected":false},"featured_media":156424,"template":"","meta":[],"product_brand":[],"product_cat":[809,819],"product_tag":[],"class_list":{"0":"post-156442","1":"product","2":"type-product","3":"status-publish","4":"has-post-thumbnail","6":"product_cat-barts","7":"product_cat-rokavice","9":"first","10":"instock","11":"taxable","12":"shipping-taxable","13":"purchasable","14":"product-type-variable"},"_links":{"self":[{"href":"https:\/\/popermint.com\/sl\/wp-json\/wp\/v2\/product\/156442","targetHints":{"allow":["GET"]}}],"collection":[{"href":"https:\/\/popermint.com\/sl\/wp-json\/wp\/v2\/product"}],"about":[{"href":"https:\/\/popermint.com\/sl\/wp-json\/wp\/v2\/types\/product"}],"wp:featuredmedia":[{"embeddable":true,"href":"https:\/\/popermint.com\/sl\/wp-json\/wp\/v2\/media\/156424"}],"wp:attachment":[{"href":"https:\/\/popermint.com\/sl\/wp-json\/wp\/v2\/media?parent=156442"}],"wp:term":[{"taxonomy":"product_brand","embeddable":true,"href":"https:\/\/popermint.com\/sl\/wp-json\/wp\/v2\/product_brand?post=156442"},{"taxonomy":"product_cat","embeddable":true,"href":"https:\/\/popermint.com\/sl\/wp-json\/wp\/v2\/product_cat?post=156442"},{"taxonomy":"product_tag","embeddable":true,"href":"https:\/\/popermint.com\/sl\/wp-json\/wp\/v2\/product_tag?post=156442"}],"curies":[{"name":"wp","href":"https:\/\/api.w.org\/{rel}","templated":true}]}}