{"id":156466,"date":"2025-09-26T11:07:23","date_gmt":"2025-09-26T09:07:23","guid":{"rendered":"https:\/\/popermint.com\/?post_type=product&#038;p=156466"},"modified":"2026-01-20T18:42:40","modified_gmt":"2026-01-20T17:42:40","slug":"sal-darty-col-denim","status":"publish","type":"product","link":"https:\/\/popermint.com\/sl\/sal-darty-col-denim\/","title":{"rendered":"\u0160al Darty Col Denim"},"content":{"rendered":"","protected":false},"excerpt":{"rendered":"<p>Barts \u0161ali so zasnovani z mislijo na udobje in slog ter zdru\u017eujejo toplino z modnim dizajnom. Raznolika ponudba barv, vzorcev in krojev bo navdu\u0161ila vsak modni okus. Narejene iz kakovostnih materialov z natan\u010dno oblikovanimi detajli, nudijo za\u0161\u010dito pred mrazom in modni zimski izgled. <\/p>\n","protected":false},"featured_media":156394,"template":"","meta":[],"product_brand":[],"product_cat":[809,875],"product_tag":[],"class_list":{"0":"post-156466","1":"product","2":"type-product","3":"status-publish","4":"has-post-thumbnail","6":"product_cat-barts","7":"product_cat-sali","9":"first","10":"instock","11":"taxable","12":"shipping-taxable","13":"purchasable","14":"product-type-simple"},"_links":{"self":[{"href":"https:\/\/popermint.com\/sl\/wp-json\/wp\/v2\/product\/156466","targetHints":{"allow":["GET"]}}],"collection":[{"href":"https:\/\/popermint.com\/sl\/wp-json\/wp\/v2\/product"}],"about":[{"href":"https:\/\/popermint.com\/sl\/wp-json\/wp\/v2\/types\/product"}],"wp:featuredmedia":[{"embeddable":true,"href":"https:\/\/popermint.com\/sl\/wp-json\/wp\/v2\/media\/156394"}],"wp:attachment":[{"href":"https:\/\/popermint.com\/sl\/wp-json\/wp\/v2\/media?parent=156466"}],"wp:term":[{"taxonomy":"product_brand","embeddable":true,"href":"https:\/\/popermint.com\/sl\/wp-json\/wp\/v2\/product_brand?post=156466"},{"taxonomy":"product_cat","embeddable":true,"href":"https:\/\/popermint.com\/sl\/wp-json\/wp\/v2\/product_cat?post=156466"},{"taxonomy":"product_tag","embeddable":true,"href":"https:\/\/popermint.com\/sl\/wp-json\/wp\/v2\/product_tag?post=156466"}],"curies":[{"name":"wp","href":"https:\/\/api.w.org\/{rel}","templated":true}]}}