{"id":162639,"date":"2025-10-19T14:28:15","date_gmt":"2025-10-19T12:28:15","guid":{"rendered":"https:\/\/popermint.com\/?post_type=product&#038;p=162639"},"modified":"2025-10-21T10:16:36","modified_gmt":"2025-10-21T08:16:36","slug":"bralna-ocala-d-reading-cherry-red","status":"publish","type":"product","link":"https:\/\/popermint.com\/sl\/bralna-ocala-d-reading-cherry-red\/","title":{"rendered":"Bralna o\u010dala #D Reading Cherry Red"},"content":{"rendered":"","protected":false},"excerpt":{"rendered":"<p>Bralna o\u010dala \u2013 #D READING: okrogla, brez\u010dasen model, najbolje prodajana oblika. Unisex, univerzalni model. Originalen, moden dizajn. Visokokakovostna, lahka in udobna o\u010dala za branje: pro\u017ene ro\u010dice, mat u\u010dinek.<\/p>\n","protected":false},"featured_media":162625,"template":"","meta":[],"product_brand":[],"product_cat":[923,924],"product_tag":[],"class_list":{"0":"post-162639","1":"product","2":"type-product","3":"status-publish","4":"has-post-thumbnail","6":"product_cat-izipizi-ocala","7":"product_cat-bralna-ocala-izipizi","9":"first","10":"instock","11":"taxable","12":"shipping-taxable","13":"purchasable","14":"product-type-variable"},"_links":{"self":[{"href":"https:\/\/popermint.com\/sl\/wp-json\/wp\/v2\/product\/162639","targetHints":{"allow":["GET"]}}],"collection":[{"href":"https:\/\/popermint.com\/sl\/wp-json\/wp\/v2\/product"}],"about":[{"href":"https:\/\/popermint.com\/sl\/wp-json\/wp\/v2\/types\/product"}],"wp:featuredmedia":[{"embeddable":true,"href":"https:\/\/popermint.com\/sl\/wp-json\/wp\/v2\/media\/162625"}],"wp:attachment":[{"href":"https:\/\/popermint.com\/sl\/wp-json\/wp\/v2\/media?parent=162639"}],"wp:term":[{"taxonomy":"product_brand","embeddable":true,"href":"https:\/\/popermint.com\/sl\/wp-json\/wp\/v2\/product_brand?post=162639"},{"taxonomy":"product_cat","embeddable":true,"href":"https:\/\/popermint.com\/sl\/wp-json\/wp\/v2\/product_cat?post=162639"},{"taxonomy":"product_tag","embeddable":true,"href":"https:\/\/popermint.com\/sl\/wp-json\/wp\/v2\/product_tag?post=162639"}],"curies":[{"name":"wp","href":"https:\/\/api.w.org\/{rel}","templated":true}]}}