{"id":162640,"date":"2025-10-19T14:28:16","date_gmt":"2025-10-19T12:28:16","guid":{"rendered":"https:\/\/popermint.com\/crisple-navy\/"},"modified":"2025-12-17T14:25:15","modified_gmt":"2025-12-17T13:25:15","slug":"crisple-navy","status":"publish","type":"product","link":"https:\/\/popermint.com\/sl\/crisple-navy\/","title":{"rendered":"Crisple Navy"},"content":{"rendered":"","protected":false},"excerpt":{"rendered":"<p>Secrid denarnice so sodobna in funkcionalna re\u0161itev za hranjenje kartic in bankovcev. Izdelane so iz visokokakovostnih materialov, s posebnim poudarkom na varnosti in kompaktnosti. Njihova inovativna zasnova omogo\u010da enostaven dostop do kartic in prepre\u010duje nepoobla\u0161\u010deno skeniranje RFID kartic. Poleg tega so eleganten modni dodatek za vsakega posameznika, ki ceni prakti\u010dnost in stil v enem.<\/p>\n","protected":false},"featured_media":162593,"template":"","meta":[],"product_brand":[],"product_cat":[805],"product_tag":[],"class_list":{"0":"post-162640","1":"product","2":"type-product","3":"status-publish","4":"has-post-thumbnail","6":"product_cat-secrid-denarnice","8":"first","9":"instock","10":"taxable","11":"shipping-taxable","12":"purchasable","13":"product-type-simple"},"_links":{"self":[{"href":"https:\/\/popermint.com\/sl\/wp-json\/wp\/v2\/product\/162640","targetHints":{"allow":["GET"]}}],"collection":[{"href":"https:\/\/popermint.com\/sl\/wp-json\/wp\/v2\/product"}],"about":[{"href":"https:\/\/popermint.com\/sl\/wp-json\/wp\/v2\/types\/product"}],"wp:featuredmedia":[{"embeddable":true,"href":"https:\/\/popermint.com\/sl\/wp-json\/wp\/v2\/media\/162593"}],"wp:attachment":[{"href":"https:\/\/popermint.com\/sl\/wp-json\/wp\/v2\/media?parent=162640"}],"wp:term":[{"taxonomy":"product_brand","embeddable":true,"href":"https:\/\/popermint.com\/sl\/wp-json\/wp\/v2\/product_brand?post=162640"},{"taxonomy":"product_cat","embeddable":true,"href":"https:\/\/popermint.com\/sl\/wp-json\/wp\/v2\/product_cat?post=162640"},{"taxonomy":"product_tag","embeddable":true,"href":"https:\/\/popermint.com\/sl\/wp-json\/wp\/v2\/product_tag?post=162640"}],"curies":[{"name":"wp","href":"https:\/\/api.w.org\/{rel}","templated":true}]}}