{"id":165007,"date":"2025-10-28T11:35:05","date_gmt":"2025-10-28T10:35:05","guid":{"rendered":"https:\/\/popermint.com\/?post_type=product&#038;p=165007"},"modified":"2025-10-28T11:48:45","modified_gmt":"2025-10-28T10:48:45","slug":"tie-dye-td09","status":"publish","type":"product","link":"https:\/\/popermint.com\/sl\/tie-dye-td09\/","title":{"rendered":"Tie Dye TD09"},"content":{"rendered":"","protected":false},"excerpt":{"rendered":"<p>Igriv \u201ctie-dye\u201d videz v razli\u010dnih barvnih kombinacijah, zdru\u017een z udobjem \u0161portnega kroja. Nogavice so zra\u010dne, elasti\u010dne in prijetne na ko\u017ei, rebrast patent pa zagotavlja dober oprijem. Popestrijo vsak outfit.<\/p>\n","protected":false},"featured_media":164969,"template":"","meta":[],"product_brand":[],"product_cat":[330,949],"product_tag":[],"class_list":{"0":"post-165007","1":"product","2":"type-product","3":"status-publish","4":"has-post-thumbnail","6":"product_cat-nogavice-wigglesteps","7":"product_cat-tennis-tie-dye-nogavice","9":"first","10":"instock","11":"taxable","12":"shipping-taxable","13":"purchasable","14":"product-type-variable"},"_links":{"self":[{"href":"https:\/\/popermint.com\/sl\/wp-json\/wp\/v2\/product\/165007","targetHints":{"allow":["GET"]}}],"collection":[{"href":"https:\/\/popermint.com\/sl\/wp-json\/wp\/v2\/product"}],"about":[{"href":"https:\/\/popermint.com\/sl\/wp-json\/wp\/v2\/types\/product"}],"wp:featuredmedia":[{"embeddable":true,"href":"https:\/\/popermint.com\/sl\/wp-json\/wp\/v2\/media\/164969"}],"wp:attachment":[{"href":"https:\/\/popermint.com\/sl\/wp-json\/wp\/v2\/media?parent=165007"}],"wp:term":[{"taxonomy":"product_brand","embeddable":true,"href":"https:\/\/popermint.com\/sl\/wp-json\/wp\/v2\/product_brand?post=165007"},{"taxonomy":"product_cat","embeddable":true,"href":"https:\/\/popermint.com\/sl\/wp-json\/wp\/v2\/product_cat?post=165007"},{"taxonomy":"product_tag","embeddable":true,"href":"https:\/\/popermint.com\/sl\/wp-json\/wp\/v2\/product_tag?post=165007"}],"curies":[{"name":"wp","href":"https:\/\/api.w.org\/{rel}","templated":true}]}}