{"id":165659,"date":"2025-10-31T13:26:24","date_gmt":"2025-10-31T12:26:24","guid":{"rendered":"https:\/\/popermint.com\/?post_type=product&#038;p=165659"},"modified":"2025-10-31T13:56:09","modified_gmt":"2025-10-31T12:56:09","slug":"ocala-z-zascito-pred-modro-svetlobo-e-screen-kaki-green","status":"publish","type":"product","link":"https:\/\/popermint.com\/sl\/ocala-z-zascito-pred-modro-svetlobo-e-screen-kaki-green\/","title":{"rendered":"O\u010dala z za\u0161\u010dito pred modro svetlobo #E Screen  Kaki Green"},"content":{"rendered":"","protected":false},"excerpt":{"rendered":"<p>Vsi &#8220;LED-zasloni&#8221; (pametni telefoni, tablice, ra\u010dunalni\u0161ki zasloni, televizorji) oddajajo &#8220;modro svetlobo&#8221;, ki je \u0161e posebej \u0161kodljiva za o\u010di. SCREEN o\u010dala filtrirajo 40 % modre svetlobe, ki jo oddajajo zasloni, s \u010dimer zmanj\u0161ajo utrujenost o\u010di, dra\u017eenje o\u010di in glavobole. To lastnost dose\u017eejo z obdelavo, ki le\u010de rahlo porumeni, ne da bi pri tem izbolj\u0161ala vidnost pravih barv. Gumijast dotik, fleksibilna ro\u010daja, dizajnerski okvir: udobje in stil zagotovljeni. Ostanite povezani brez skrbi!<\/p>\n","protected":false},"featured_media":165632,"template":"","meta":[],"product_brand":[],"product_cat":[923,970],"product_tag":[],"class_list":{"0":"post-165659","1":"product","2":"type-product","3":"status-publish","4":"has-post-thumbnail","6":"product_cat-izipizi-ocala","7":"product_cat-ocala-z-zascito-pred-modro-svetlobo","9":"first","10":"outofstock","11":"taxable","12":"shipping-taxable","13":"purchasable","14":"product-type-simple"},"_links":{"self":[{"href":"https:\/\/popermint.com\/sl\/wp-json\/wp\/v2\/product\/165659","targetHints":{"allow":["GET"]}}],"collection":[{"href":"https:\/\/popermint.com\/sl\/wp-json\/wp\/v2\/product"}],"about":[{"href":"https:\/\/popermint.com\/sl\/wp-json\/wp\/v2\/types\/product"}],"wp:featuredmedia":[{"embeddable":true,"href":"https:\/\/popermint.com\/sl\/wp-json\/wp\/v2\/media\/165632"}],"wp:attachment":[{"href":"https:\/\/popermint.com\/sl\/wp-json\/wp\/v2\/media?parent=165659"}],"wp:term":[{"taxonomy":"product_brand","embeddable":true,"href":"https:\/\/popermint.com\/sl\/wp-json\/wp\/v2\/product_brand?post=165659"},{"taxonomy":"product_cat","embeddable":true,"href":"https:\/\/popermint.com\/sl\/wp-json\/wp\/v2\/product_cat?post=165659"},{"taxonomy":"product_tag","embeddable":true,"href":"https:\/\/popermint.com\/sl\/wp-json\/wp\/v2\/product_tag?post=165659"}],"curies":[{"name":"wp","href":"https:\/\/api.w.org\/{rel}","templated":true}]}}