{"id":172622,"date":"2025-12-02T14:04:01","date_gmt":"2025-12-02T13:04:01","guid":{"rendered":"https:\/\/popermint.com\/?post_type=product&#038;p=172622"},"modified":"2026-04-03T10:37:41","modified_gmt":"2026-04-03T08:37:41","slug":"izolirana-potovalna-skodelica-bold-drift-350-ml","status":"publish","type":"product","link":"https:\/\/popermint.com\/sl\/izolirana-potovalna-skodelica-bold-drift-350-ml\/","title":{"rendered":"Izolirana potovalna skodelica Bold Drift 350 ml"},"content":{"rendered":"","protected":false},"excerpt":{"rendered":"<p>Kavna skodelica Estia je popolna za u\u017eivanje v hladnih ali toplih pija\u010dah doma, na poti ali v avtu \u2013 njihova prakti\u010dna oblika se prilega ve\u010dini avtomobilskih dr\u017eal. Izdelane so iz nerjave\u010dega jekla 18\/8, ki ohranja naraven okus pija\u010de, medtem ko dvojna vakuumska izolacija poskrbi, da ostane pija\u010da hladna do 12 ur ali vro\u010da do 6 ur, brez \u201cpotenja\u201d zunanje stene. Tesnilni pokrov prepre\u010duje razlitje in ima odprtino za slamico iz nerjave\u010dega jekla.<\/p>\n","protected":false},"featured_media":172599,"template":"","meta":[],"product_brand":[],"product_cat":[972,990],"product_tag":[],"class_list":{"0":"post-172622","1":"product","2":"type-product","3":"status-publish","4":"has-post-thumbnail","6":"product_cat-estia-termovke","7":"product_cat-izbor-tedna","9":"first","10":"instock","11":"taxable","12":"shipping-taxable","13":"purchasable","14":"product-type-simple"},"_links":{"self":[{"href":"https:\/\/popermint.com\/sl\/wp-json\/wp\/v2\/product\/172622","targetHints":{"allow":["GET"]}}],"collection":[{"href":"https:\/\/popermint.com\/sl\/wp-json\/wp\/v2\/product"}],"about":[{"href":"https:\/\/popermint.com\/sl\/wp-json\/wp\/v2\/types\/product"}],"wp:featuredmedia":[{"embeddable":true,"href":"https:\/\/popermint.com\/sl\/wp-json\/wp\/v2\/media\/172599"}],"wp:attachment":[{"href":"https:\/\/popermint.com\/sl\/wp-json\/wp\/v2\/media?parent=172622"}],"wp:term":[{"taxonomy":"product_brand","embeddable":true,"href":"https:\/\/popermint.com\/sl\/wp-json\/wp\/v2\/product_brand?post=172622"},{"taxonomy":"product_cat","embeddable":true,"href":"https:\/\/popermint.com\/sl\/wp-json\/wp\/v2\/product_cat?post=172622"},{"taxonomy":"product_tag","embeddable":true,"href":"https:\/\/popermint.com\/sl\/wp-json\/wp\/v2\/product_tag?post=172622"}],"curies":[{"name":"wp","href":"https:\/\/api.w.org\/{rel}","templated":true}]}}